{"id":11850,"date":"2020-05-19T11:06:14","date_gmt":"2020-05-19T10:06:14","guid":{"rendered":"https:\/\/www.halosports.co.uk\/?post_type=product&#038;p=11850"},"modified":"2021-12-25T00:07:28","modified_gmt":"2021-12-25T00:07:28","slug":"x3-earth","status":"publish","type":"product","link":"https:\/\/www.halosports.co.uk\/es\/producto\/x3-earth\/","title":{"rendered":"X3.Tierra"},"content":{"rendered":"<ul>\n<li>Cuadro: UVM Natural Milky White<\/li>\n<li>Lente: ZEISS Super Nylens 2.0 Greenwood Gradiant<\/li>\n<li>Categor\u00eda de filtro: 2<\/li>\n<li>Logo extra\u00edble para una mejor ventilaci\u00f3n.<\/li>\n<li>Agujero anti-vaho<\/li>\n<li>Almohadillas de nariz ajustables.<\/li>\n<li>Gafas Made in Italy<\/li>\n<li>A prueba de ara\u00f1azos<\/li>\n<li>ZEISS Ri-Pel\u00ae<\/li>\n<li>Resistente al impacto<\/li>\n<li>Garant\u00eda de por vida<\/li>\n<li>Apto para conducir<\/li>\n<li>Clip de lente interno graduado OSS \/ X3 disponible<\/li>\n<li>C\u00f3digo de barras: # 8052740080868<\/li>\n<\/ul>\n<h2>ESPECIAL - TIERRA<\/h2>\n<p>La serie especial de gafas de sol EARTH con montura UVM (Unique Vegetal Material), un material de origen natural, aumenta a\u00fan m\u00e1s la cercan\u00eda del deportista con la naturaleza.<\/p>\n<p class=\"\">M\u00e1s ligeros, m\u00e1s suaves y m\u00e1s agradables de usar, se caracterizan por colores particulares: un marco transparente velado dado por la ausencia de tintes en la composici\u00f3n del material y por las lentes ZEISS de un degradado verde bosque, capaces de aumentar los contrastes y el brillo para mayor  comodidad visual<\/p>","protected":false},"excerpt":{"rendered":"<p class=\"\">Gafas de sol X3.EARTH en UVM, un material de origen natural que las hace m\u00e1s ligeras, m\u00e1s suaves y m\u00e1s c\u00f3modas de usar.<\/p>\n<p class=\"\">Gracias a la coloraci\u00f3n protectora especial de las lentes ZEISS y la posibilidad de agregar clips para lentes graduadas internas, estas gafas NRC representan la combinaci\u00f3n perfecta de calidad \u00f3ptica y funcionalidad.<\/p>","protected":false},"featured_media":11852,"template":"","meta":[],"product_brand":[],"product_cat":[695],"product_tag":[701],"class_list":{"0":"post-11850","1":"product","2":"type-product","3":"status-publish","4":"has-post-thumbnail","6":"product_cat-cycling-glasses","7":"product_tag-go-green","9":"first","10":"instock","11":"shipping-taxable","12":"purchasable","13":"product-type-simple"},"yoast_head":"<!-- This site is optimized with the Yoast SEO plugin v27.4 - https:\/\/yoast.com\/product\/yoast-seo-wordpress\/ -->\n<title>X3 Earth - Halo Sports<\/title>\n<meta name=\"robots\" content=\"index, follow, max-snippet:-1, max-image-preview:large, max-video-preview:-1\" \/>\n<link rel=\"canonical\" href=\"https:\/\/www.halosports.co.uk\/es\/producto\/x3-earth\/\" \/>\n<meta property=\"og:locale\" content=\"es_ES\" \/>\n<meta property=\"og:type\" content=\"article\" \/>\n<meta property=\"og:title\" content=\"X3 Earth - Halo Sports\" \/>\n<meta property=\"og:description\" content=\"X3.EARTH sunglasses in UVM, a 100% natural material that makes the frame lighter, softer and more comfortable to wear. Thanks to the special protective colouring of the ZEISS lenses and the option of adding clips for prescription inserts, these NRC glasses offer the perfect combination of optical quality and functionality.\" \/>\n<meta property=\"og:url\" content=\"https:\/\/www.halosports.co.uk\/es\/producto\/x3-earth\/\" \/>\n<meta property=\"og:site_name\" content=\"Halo Sports\" \/>\n<meta property=\"article:modified_time\" content=\"2021-12-25T00:07:28+00:00\" \/>\n<meta property=\"og:image\" content=\"https:\/\/www.halosports.co.uk\/wp-content\/uploads\/2020\/05\/X3-EARTH-2.jpg\" \/>\n\t<meta property=\"og:image:width\" content=\"900\" \/>\n\t<meta property=\"og:image:height\" content=\"900\" \/>\n\t<meta property=\"og:image:type\" content=\"image\/jpeg\" \/>\n<meta name=\"twitter:card\" content=\"summary_large_image\" \/>\n<meta name=\"twitter:label1\" content=\"Tiempo de lectura\" \/>\n\t<meta name=\"twitter:data1\" content=\"1 minuto\" \/>\n<script type=\"application\/ld+json\" class=\"yoast-schema-graph\">{\"@context\":\"https:\\\/\\\/schema.org\",\"@graph\":[{\"@type\":\"WebPage\",\"@id\":\"https:\\\/\\\/www.halosports.co.uk\\\/es\\\/producto\\\/x3-earth\\\/\",\"url\":\"https:\\\/\\\/www.halosports.co.uk\\\/es\\\/producto\\\/x3-earth\\\/\",\"name\":\"X3 Earth - Halo Sports\",\"isPartOf\":{\"@id\":\"https:\\\/\\\/www.halosports.co.uk\\\/es\\\/#website\"},\"primaryImageOfPage\":{\"@id\":\"https:\\\/\\\/www.halosports.co.uk\\\/es\\\/producto\\\/x3-earth\\\/#primaryimage\"},\"image\":{\"@id\":\"https:\\\/\\\/www.halosports.co.uk\\\/es\\\/producto\\\/x3-earth\\\/#primaryimage\"},\"thumbnailUrl\":\"https:\\\/\\\/www.halosports.co.uk\\\/wp-content\\\/uploads\\\/2020\\\/05\\\/X3-EARTH-2.jpg\",\"datePublished\":\"2020-05-19T10:06:14+00:00\",\"dateModified\":\"2021-12-25T00:07:28+00:00\",\"breadcrumb\":{\"@id\":\"https:\\\/\\\/www.halosports.co.uk\\\/es\\\/producto\\\/x3-earth\\\/#breadcrumb\"},\"inLanguage\":\"es\",\"potentialAction\":[{\"@type\":\"ReadAction\",\"target\":[\"https:\\\/\\\/www.halosports.co.uk\\\/es\\\/producto\\\/x3-earth\\\/\"]}]},{\"@type\":\"ImageObject\",\"inLanguage\":\"es\",\"@id\":\"https:\\\/\\\/www.halosports.co.uk\\\/es\\\/producto\\\/x3-earth\\\/#primaryimage\",\"url\":\"https:\\\/\\\/www.halosports.co.uk\\\/wp-content\\\/uploads\\\/2020\\\/05\\\/X3-EARTH-2.jpg\",\"contentUrl\":\"https:\\\/\\\/www.halosports.co.uk\\\/wp-content\\\/uploads\\\/2020\\\/05\\\/X3-EARTH-2.jpg\",\"width\":900,\"height\":900},{\"@type\":\"BreadcrumbList\",\"@id\":\"https:\\\/\\\/www.halosports.co.uk\\\/es\\\/producto\\\/x3-earth\\\/#breadcrumb\",\"itemListElement\":[{\"@type\":\"ListItem\",\"position\":1,\"name\":\"Home\",\"item\":\"https:\\\/\\\/www.halosports.co.uk\\\/\"},{\"@type\":\"ListItem\",\"position\":2,\"name\":\"Products\",\"item\":\"https:\\\/\\\/www.halosports.co.uk\\\/shop\\\/\"},{\"@type\":\"ListItem\",\"position\":3,\"name\":\"X3 Earth\"}]},{\"@type\":\"WebSite\",\"@id\":\"https:\\\/\\\/www.halosports.co.uk\\\/es\\\/#website\",\"url\":\"https:\\\/\\\/www.halosports.co.uk\\\/es\\\/\",\"name\":\"Halo Sports\",\"description\":\"Cycling Helmets and Custom Sports Apparel\",\"publisher\":{\"@id\":\"https:\\\/\\\/www.halosports.co.uk\\\/es\\\/#organization\"},\"potentialAction\":[{\"@type\":\"SearchAction\",\"target\":{\"@type\":\"EntryPoint\",\"urlTemplate\":\"https:\\\/\\\/www.halosports.co.uk\\\/es\\\/?s={search_term_string}\"},\"query-input\":{\"@type\":\"PropertyValueSpecification\",\"valueRequired\":true,\"valueName\":\"search_term_string\"}}],\"inLanguage\":\"es\"},{\"@type\":\"Organization\",\"@id\":\"https:\\\/\\\/www.halosports.co.uk\\\/es\\\/#organization\",\"name\":\"Halo Sports Limited\",\"url\":\"https:\\\/\\\/www.halosports.co.uk\\\/es\\\/\",\"logo\":{\"@type\":\"ImageObject\",\"inLanguage\":\"es\",\"@id\":\"https:\\\/\\\/www.halosports.co.uk\\\/es\\\/#\\\/schema\\\/logo\\\/image\\\/\",\"url\":\"https:\\\/\\\/www.halosports.co.uk\\\/wp-content\\\/uploads\\\/2018\\\/11\\\/halo-bolder-logo-orange-voucher.png\",\"contentUrl\":\"https:\\\/\\\/www.halosports.co.uk\\\/wp-content\\\/uploads\\\/2018\\\/11\\\/halo-bolder-logo-orange-voucher.png\",\"width\":180,\"height\":35,\"caption\":\"Halo Sports Limited\"},\"image\":{\"@id\":\"https:\\\/\\\/www.halosports.co.uk\\\/es\\\/#\\\/schema\\\/logo\\\/image\\\/\"}}]}<\/script>\n<!-- \/ Yoast SEO plugin. -->","yoast_head_json":{"title":"X3 Earth - Halo Sports","robots":{"index":"index","follow":"follow","max-snippet":"max-snippet:-1","max-image-preview":"max-image-preview:large","max-video-preview":"max-video-preview:-1"},"canonical":"https:\/\/www.halosports.co.uk\/es\/producto\/x3-earth\/","og_locale":"es_ES","og_type":"article","og_title":"X3 Earth - Halo Sports","og_description":"X3.EARTH sunglasses in UVM, a 100% natural material that makes the frame lighter, softer and more comfortable to wear. Thanks to the special protective colouring of the ZEISS lenses and the option of adding clips for prescription inserts, these NRC glasses offer the perfect combination of optical quality and functionality.","og_url":"https:\/\/www.halosports.co.uk\/es\/producto\/x3-earth\/","og_site_name":"Halo Sports","article_modified_time":"2021-12-25T00:07:28+00:00","og_image":[{"width":900,"height":900,"url":"https:\/\/www.halosports.co.uk\/wp-content\/uploads\/2020\/05\/X3-EARTH-2.jpg","type":"image\/jpeg"}],"twitter_card":"summary_large_image","twitter_misc":{"Tiempo de lectura":"1 minuto"},"schema":{"@context":"https:\/\/schema.org","@graph":[{"@type":"WebPage","@id":"https:\/\/www.halosports.co.uk\/es\/producto\/x3-earth\/","url":"https:\/\/www.halosports.co.uk\/es\/producto\/x3-earth\/","name":"X3 Earth - Halo Sports","isPartOf":{"@id":"https:\/\/www.halosports.co.uk\/es\/#website"},"primaryImageOfPage":{"@id":"https:\/\/www.halosports.co.uk\/es\/producto\/x3-earth\/#primaryimage"},"image":{"@id":"https:\/\/www.halosports.co.uk\/es\/producto\/x3-earth\/#primaryimage"},"thumbnailUrl":"https:\/\/www.halosports.co.uk\/wp-content\/uploads\/2020\/05\/X3-EARTH-2.jpg","datePublished":"2020-05-19T10:06:14+00:00","dateModified":"2021-12-25T00:07:28+00:00","breadcrumb":{"@id":"https:\/\/www.halosports.co.uk\/es\/producto\/x3-earth\/#breadcrumb"},"inLanguage":"es","potentialAction":[{"@type":"ReadAction","target":["https:\/\/www.halosports.co.uk\/es\/producto\/x3-earth\/"]}]},{"@type":"ImageObject","inLanguage":"es","@id":"https:\/\/www.halosports.co.uk\/es\/producto\/x3-earth\/#primaryimage","url":"https:\/\/www.halosports.co.uk\/wp-content\/uploads\/2020\/05\/X3-EARTH-2.jpg","contentUrl":"https:\/\/www.halosports.co.uk\/wp-content\/uploads\/2020\/05\/X3-EARTH-2.jpg","width":900,"height":900},{"@type":"BreadcrumbList","@id":"https:\/\/www.halosports.co.uk\/es\/producto\/x3-earth\/#breadcrumb","itemListElement":[{"@type":"ListItem","position":1,"name":"Home","item":"https:\/\/www.halosports.co.uk\/"},{"@type":"ListItem","position":2,"name":"Products","item":"https:\/\/www.halosports.co.uk\/shop\/"},{"@type":"ListItem","position":3,"name":"X3 Earth"}]},{"@type":"WebSite","@id":"https:\/\/www.halosports.co.uk\/es\/#website","url":"https:\/\/www.halosports.co.uk\/es\/","name":"Halo Sports","description":"Cycling Helmets and Custom Sports Apparel","publisher":{"@id":"https:\/\/www.halosports.co.uk\/es\/#organization"},"potentialAction":[{"@type":"SearchAction","target":{"@type":"EntryPoint","urlTemplate":"https:\/\/www.halosports.co.uk\/es\/?s={search_term_string}"},"query-input":{"@type":"PropertyValueSpecification","valueRequired":true,"valueName":"search_term_string"}}],"inLanguage":"es"},{"@type":"Organization","@id":"https:\/\/www.halosports.co.uk\/es\/#organization","name":"Halo Sports Limited","url":"https:\/\/www.halosports.co.uk\/es\/","logo":{"@type":"ImageObject","inLanguage":"es","@id":"https:\/\/www.halosports.co.uk\/es\/#\/schema\/logo\/image\/","url":"https:\/\/www.halosports.co.uk\/wp-content\/uploads\/2018\/11\/halo-bolder-logo-orange-voucher.png","contentUrl":"https:\/\/www.halosports.co.uk\/wp-content\/uploads\/2018\/11\/halo-bolder-logo-orange-voucher.png","width":180,"height":35,"caption":"Halo Sports Limited"},"image":{"@id":"https:\/\/www.halosports.co.uk\/es\/#\/schema\/logo\/image\/"}}]}},"_links":{"self":[{"href":"https:\/\/www.halosports.co.uk\/es\/wp-json\/wp\/v2\/product\/11850","targetHints":{"allow":["GET"]}}],"collection":[{"href":"https:\/\/www.halosports.co.uk\/es\/wp-json\/wp\/v2\/product"}],"about":[{"href":"https:\/\/www.halosports.co.uk\/es\/wp-json\/wp\/v2\/types\/product"}],"wp:featuredmedia":[{"embeddable":true,"href":"https:\/\/www.halosports.co.uk\/es\/wp-json\/wp\/v2\/media\/11852"}],"wp:attachment":[{"href":"https:\/\/www.halosports.co.uk\/es\/wp-json\/wp\/v2\/media?parent=11850"}],"wp:term":[{"taxonomy":"product_brand","embeddable":true,"href":"https:\/\/www.halosports.co.uk\/es\/wp-json\/wp\/v2\/product_brand?post=11850"},{"taxonomy":"product_cat","embeddable":true,"href":"https:\/\/www.halosports.co.uk\/es\/wp-json\/wp\/v2\/product_cat?post=11850"},{"taxonomy":"product_tag","embeddable":true,"href":"https:\/\/www.halosports.co.uk\/es\/wp-json\/wp\/v2\/product_tag?post=11850"}],"curies":[{"name":"wp","href":"https:\/\/api.w.org\/{rel}","templated":true}]}}