{"id":11902,"date":"2020-05-27T11:17:26","date_gmt":"2020-05-27T10:17:26","guid":{"rendered":"https:\/\/www.halosports.co.uk\/?post_type=product&#038;p=11902"},"modified":"2020-06-05T10:41:59","modified_gmt":"2020-06-05T09:41:59","slug":"x1rr-whitelight2","status":"publish","type":"product","link":"https:\/\/www.halosports.co.uk\/es\/producto\/x1rr-whitelight2\/","title":{"rendered":"X1RR.WHITELIGHT2"},"content":{"rendered":"<ul>\n<li>Marco: blanco mate y dorado<\/li>\n<li>Lente: ZEISS Super Nylens 2.0 Gold Experience Mirror<\/li>\n<li>Categor\u00eda de filtro: 3<\/li>\n<li>Logo extra\u00edble para una mejor ventilaci\u00f3n.<\/li>\n<li>Lente de carreras especial<\/li>\n<li>Almohadillas de nariz ajustables.<\/li>\n<li>Gafas Made in Italy<\/li>\n<li>A prueba de ara\u00f1azos<\/li>\n<li>ZEISS Ri-Pel\u00ae<\/li>\n<li>Resistente al impacto<\/li>\n<li>Garant\u00eda de por vida<\/li>\n<li>C\u00f3digo de barras: # 8052740080608<\/li>\n<\/ul>\n<p>CICLISMO - SERIE X<br \/>\nLa l\u00ednea X SERIES es la uni\u00f3n perfecta de todas las caracter\u00edsticas que un ciclista busca en un par de gafas de sol..El resultado son las tecnolog\u00edas innovadoras, la calidad de los materiales y la comodidad la comodidad es el resultado de verdaderas necesidades profesionales y no profesionales.<\/p>\n<p>WHY GOLD?<br \/>\nThe special mirrored ZEISS lenses of the X1RR.WHITELIGHT2 model boast an innovative shape and colour that set them apart from the rest.<br \/>\n\u00bfPOR QU\u00c9 ORO?\nLas lentes de espejo especiales ZEISS del modelo X1RR.WHITELIGHT2 difieren de las dem\u00e1s por su innovaci\u00f3n en t\u00e9rminos de forma y color.\n\nNo solo han sido dise\u00f1ados para aumentar la ventilaci\u00f3n durante la carrera, reduciendo as\u00ed el empa\u00f1amiento, sino que tambi\u00e9n pueden mejorar la calidad del rendimiento del ciclista.  \u00bfC\u00f3mo?  Gracias a su coloraci\u00f3n b\u00e1sica de un marr\u00f3n intenso y la consiguiente mayor longitud de onda del interior rojo, capaz de mejorar el flujo sangu\u00edneo y la fuerza muscular.<\/p>","protected":false},"excerpt":{"rendered":"<p>Gafas X1RR.WHITELIGHT2 con lente espejo ZEISS de gama alta.\n\nLa alta calidad del dise\u00f1o hecho en Italia y el riguroso est\u00e1ndar de la lente especial de espejo ZEISS garantizan al ciclista la mejor comodidad visual.<\/p>","protected":false},"featured_media":11904,"template":"","meta":[],"product_brand":[],"product_cat":[695],"product_tag":[704],"class_list":{"0":"post-11902","1":"product","2":"type-product","3":"status-publish","4":"has-post-thumbnail","6":"product_cat-cycling-glasses","7":"product_tag-cycling-nrc","9":"first","10":"instock","11":"shipping-taxable","12":"purchasable","13":"product-type-simple"},"yoast_head":"<!-- This site is optimized with the Yoast SEO plugin v27.4 - https:\/\/yoast.com\/product\/yoast-seo-wordpress\/ -->\n<title>X1RR.WHITELIGHT2 - Halo Sports<\/title>\n<meta name=\"robots\" content=\"index, follow, max-snippet:-1, max-image-preview:large, max-video-preview:-1\" \/>\n<link rel=\"canonical\" href=\"https:\/\/www.halosports.co.uk\/es\/producto\/x1rr-whitelight2\/\" \/>\n<meta property=\"og:locale\" content=\"es_ES\" \/>\n<meta property=\"og:type\" content=\"article\" \/>\n<meta property=\"og:title\" content=\"X1RR.WHITELIGHT2 - Halo Sports\" \/>\n<meta property=\"og:description\" content=\"The superior quality of Made-in-Italy design and the rigorous standards of the special mirrored ZEISS lenses ensure the ultimate in eye comfort for cyclists.\" \/>\n<meta property=\"og:url\" content=\"https:\/\/www.halosports.co.uk\/es\/producto\/x1rr-whitelight2\/\" \/>\n<meta property=\"og:site_name\" content=\"Halo Sports\" \/>\n<meta property=\"article:modified_time\" content=\"2020-06-05T09:41:59+00:00\" \/>\n<meta property=\"og:image\" content=\"https:\/\/www.halosports.co.uk\/wp-content\/uploads\/2020\/05\/X1RR-WHITELIGHT-2.jpg\" \/>\n\t<meta property=\"og:image:width\" content=\"900\" \/>\n\t<meta property=\"og:image:height\" content=\"900\" \/>\n\t<meta property=\"og:image:type\" content=\"image\/jpeg\" \/>\n<meta name=\"twitter:card\" content=\"summary_large_image\" \/>\n<meta name=\"twitter:label1\" content=\"Tiempo de lectura\" \/>\n\t<meta name=\"twitter:data1\" content=\"1 minuto\" \/>\n<script type=\"application\/ld+json\" class=\"yoast-schema-graph\">{\"@context\":\"https:\\\/\\\/schema.org\",\"@graph\":[{\"@type\":\"WebPage\",\"@id\":\"https:\\\/\\\/www.halosports.co.uk\\\/product\\\/x1rr-whitelight2\\\/\",\"url\":\"https:\\\/\\\/www.halosports.co.uk\\\/product\\\/x1rr-whitelight2\\\/\",\"name\":\"X1RR.WHITELIGHT2 - Halo Sports\",\"isPartOf\":{\"@id\":\"https:\\\/\\\/www.halosports.co.uk\\\/es\\\/#website\"},\"primaryImageOfPage\":{\"@id\":\"https:\\\/\\\/www.halosports.co.uk\\\/product\\\/x1rr-whitelight2\\\/#primaryimage\"},\"image\":{\"@id\":\"https:\\\/\\\/www.halosports.co.uk\\\/product\\\/x1rr-whitelight2\\\/#primaryimage\"},\"thumbnailUrl\":\"https:\\\/\\\/www.halosports.co.uk\\\/wp-content\\\/uploads\\\/2020\\\/05\\\/X1RR-WHITELIGHT-2.jpg\",\"datePublished\":\"2020-05-27T10:17:26+00:00\",\"dateModified\":\"2020-06-05T09:41:59+00:00\",\"breadcrumb\":{\"@id\":\"https:\\\/\\\/www.halosports.co.uk\\\/product\\\/x1rr-whitelight2\\\/#breadcrumb\"},\"inLanguage\":\"es\",\"potentialAction\":[{\"@type\":\"ReadAction\",\"target\":[\"https:\\\/\\\/www.halosports.co.uk\\\/product\\\/x1rr-whitelight2\\\/\"]}]},{\"@type\":\"ImageObject\",\"inLanguage\":\"es\",\"@id\":\"https:\\\/\\\/www.halosports.co.uk\\\/product\\\/x1rr-whitelight2\\\/#primaryimage\",\"url\":\"https:\\\/\\\/www.halosports.co.uk\\\/wp-content\\\/uploads\\\/2020\\\/05\\\/X1RR-WHITELIGHT-2.jpg\",\"contentUrl\":\"https:\\\/\\\/www.halosports.co.uk\\\/wp-content\\\/uploads\\\/2020\\\/05\\\/X1RR-WHITELIGHT-2.jpg\",\"width\":900,\"height\":900},{\"@type\":\"BreadcrumbList\",\"@id\":\"https:\\\/\\\/www.halosports.co.uk\\\/product\\\/x1rr-whitelight2\\\/#breadcrumb\",\"itemListElement\":[{\"@type\":\"ListItem\",\"position\":1,\"name\":\"Home\",\"item\":\"https:\\\/\\\/www.halosports.co.uk\\\/\"},{\"@type\":\"ListItem\",\"position\":2,\"name\":\"Products\",\"item\":\"https:\\\/\\\/www.halosports.co.uk\\\/shop\\\/\"},{\"@type\":\"ListItem\",\"position\":3,\"name\":\"X1RR.WHITELIGHT2\"}]},{\"@type\":\"WebSite\",\"@id\":\"https:\\\/\\\/www.halosports.co.uk\\\/es\\\/#website\",\"url\":\"https:\\\/\\\/www.halosports.co.uk\\\/es\\\/\",\"name\":\"Halo Sports\",\"description\":\"Cycling Helmets and Custom Sports Apparel\",\"publisher\":{\"@id\":\"https:\\\/\\\/www.halosports.co.uk\\\/es\\\/#organization\"},\"potentialAction\":[{\"@type\":\"SearchAction\",\"target\":{\"@type\":\"EntryPoint\",\"urlTemplate\":\"https:\\\/\\\/www.halosports.co.uk\\\/es\\\/?s={search_term_string}\"},\"query-input\":{\"@type\":\"PropertyValueSpecification\",\"valueRequired\":true,\"valueName\":\"search_term_string\"}}],\"inLanguage\":\"es\"},{\"@type\":\"Organization\",\"@id\":\"https:\\\/\\\/www.halosports.co.uk\\\/es\\\/#organization\",\"name\":\"Halo Sports Limited\",\"url\":\"https:\\\/\\\/www.halosports.co.uk\\\/es\\\/\",\"logo\":{\"@type\":\"ImageObject\",\"inLanguage\":\"es\",\"@id\":\"https:\\\/\\\/www.halosports.co.uk\\\/es\\\/#\\\/schema\\\/logo\\\/image\\\/\",\"url\":\"https:\\\/\\\/www.halosports.co.uk\\\/wp-content\\\/uploads\\\/2018\\\/11\\\/halo-bolder-logo-orange-voucher.png\",\"contentUrl\":\"https:\\\/\\\/www.halosports.co.uk\\\/wp-content\\\/uploads\\\/2018\\\/11\\\/halo-bolder-logo-orange-voucher.png\",\"width\":180,\"height\":35,\"caption\":\"Halo Sports Limited\"},\"image\":{\"@id\":\"https:\\\/\\\/www.halosports.co.uk\\\/es\\\/#\\\/schema\\\/logo\\\/image\\\/\"}}]}<\/script>\n<!-- \/ Yoast SEO plugin. -->","yoast_head_json":{"title":"X1RR.WHITELIGHT2 - Halo Sports","robots":{"index":"index","follow":"follow","max-snippet":"max-snippet:-1","max-image-preview":"max-image-preview:large","max-video-preview":"max-video-preview:-1"},"canonical":"https:\/\/www.halosports.co.uk\/es\/producto\/x1rr-whitelight2\/","og_locale":"es_ES","og_type":"article","og_title":"X1RR.WHITELIGHT2 - Halo Sports","og_description":"The superior quality of Made-in-Italy design and the rigorous standards of the special mirrored ZEISS lenses ensure the ultimate in eye comfort for cyclists.","og_url":"https:\/\/www.halosports.co.uk\/es\/producto\/x1rr-whitelight2\/","og_site_name":"Halo Sports","article_modified_time":"2020-06-05T09:41:59+00:00","og_image":[{"width":900,"height":900,"url":"https:\/\/www.halosports.co.uk\/wp-content\/uploads\/2020\/05\/X1RR-WHITELIGHT-2.jpg","type":"image\/jpeg"}],"twitter_card":"summary_large_image","twitter_misc":{"Tiempo de lectura":"1 minuto"},"schema":{"@context":"https:\/\/schema.org","@graph":[{"@type":"WebPage","@id":"https:\/\/www.halosports.co.uk\/product\/x1rr-whitelight2\/","url":"https:\/\/www.halosports.co.uk\/product\/x1rr-whitelight2\/","name":"X1RR.WHITELIGHT2 - Halo Sports","isPartOf":{"@id":"https:\/\/www.halosports.co.uk\/es\/#website"},"primaryImageOfPage":{"@id":"https:\/\/www.halosports.co.uk\/product\/x1rr-whitelight2\/#primaryimage"},"image":{"@id":"https:\/\/www.halosports.co.uk\/product\/x1rr-whitelight2\/#primaryimage"},"thumbnailUrl":"https:\/\/www.halosports.co.uk\/wp-content\/uploads\/2020\/05\/X1RR-WHITELIGHT-2.jpg","datePublished":"2020-05-27T10:17:26+00:00","dateModified":"2020-06-05T09:41:59+00:00","breadcrumb":{"@id":"https:\/\/www.halosports.co.uk\/product\/x1rr-whitelight2\/#breadcrumb"},"inLanguage":"es","potentialAction":[{"@type":"ReadAction","target":["https:\/\/www.halosports.co.uk\/product\/x1rr-whitelight2\/"]}]},{"@type":"ImageObject","inLanguage":"es","@id":"https:\/\/www.halosports.co.uk\/product\/x1rr-whitelight2\/#primaryimage","url":"https:\/\/www.halosports.co.uk\/wp-content\/uploads\/2020\/05\/X1RR-WHITELIGHT-2.jpg","contentUrl":"https:\/\/www.halosports.co.uk\/wp-content\/uploads\/2020\/05\/X1RR-WHITELIGHT-2.jpg","width":900,"height":900},{"@type":"BreadcrumbList","@id":"https:\/\/www.halosports.co.uk\/product\/x1rr-whitelight2\/#breadcrumb","itemListElement":[{"@type":"ListItem","position":1,"name":"Home","item":"https:\/\/www.halosports.co.uk\/"},{"@type":"ListItem","position":2,"name":"Products","item":"https:\/\/www.halosports.co.uk\/shop\/"},{"@type":"ListItem","position":3,"name":"X1RR.WHITELIGHT2"}]},{"@type":"WebSite","@id":"https:\/\/www.halosports.co.uk\/es\/#website","url":"https:\/\/www.halosports.co.uk\/es\/","name":"Halo Sports","description":"Cycling Helmets and Custom Sports Apparel","publisher":{"@id":"https:\/\/www.halosports.co.uk\/es\/#organization"},"potentialAction":[{"@type":"SearchAction","target":{"@type":"EntryPoint","urlTemplate":"https:\/\/www.halosports.co.uk\/es\/?s={search_term_string}"},"query-input":{"@type":"PropertyValueSpecification","valueRequired":true,"valueName":"search_term_string"}}],"inLanguage":"es"},{"@type":"Organization","@id":"https:\/\/www.halosports.co.uk\/es\/#organization","name":"Halo Sports Limited","url":"https:\/\/www.halosports.co.uk\/es\/","logo":{"@type":"ImageObject","inLanguage":"es","@id":"https:\/\/www.halosports.co.uk\/es\/#\/schema\/logo\/image\/","url":"https:\/\/www.halosports.co.uk\/wp-content\/uploads\/2018\/11\/halo-bolder-logo-orange-voucher.png","contentUrl":"https:\/\/www.halosports.co.uk\/wp-content\/uploads\/2018\/11\/halo-bolder-logo-orange-voucher.png","width":180,"height":35,"caption":"Halo Sports Limited"},"image":{"@id":"https:\/\/www.halosports.co.uk\/es\/#\/schema\/logo\/image\/"}}]}},"_links":{"self":[{"href":"https:\/\/www.halosports.co.uk\/es\/wp-json\/wp\/v2\/product\/11902","targetHints":{"allow":["GET"]}}],"collection":[{"href":"https:\/\/www.halosports.co.uk\/es\/wp-json\/wp\/v2\/product"}],"about":[{"href":"https:\/\/www.halosports.co.uk\/es\/wp-json\/wp\/v2\/types\/product"}],"wp:featuredmedia":[{"embeddable":true,"href":"https:\/\/www.halosports.co.uk\/es\/wp-json\/wp\/v2\/media\/11904"}],"wp:attachment":[{"href":"https:\/\/www.halosports.co.uk\/es\/wp-json\/wp\/v2\/media?parent=11902"}],"wp:term":[{"taxonomy":"product_brand","embeddable":true,"href":"https:\/\/www.halosports.co.uk\/es\/wp-json\/wp\/v2\/product_brand?post=11902"},{"taxonomy":"product_cat","embeddable":true,"href":"https:\/\/www.halosports.co.uk\/es\/wp-json\/wp\/v2\/product_cat?post=11902"},{"taxonomy":"product_tag","embeddable":true,"href":"https:\/\/www.halosports.co.uk\/es\/wp-json\/wp\/v2\/product_tag?post=11902"}],"curies":[{"name":"wp","href":"https:\/\/api.w.org\/{rel}","templated":true}]}}