{"id":11914,"date":"2020-05-27T11:26:34","date_gmt":"2020-05-27T10:26:34","guid":{"rendered":"https:\/\/www.halosports.co.uk\/?post_type=product&#038;p=11914"},"modified":"2020-06-05T10:41:59","modified_gmt":"2020-06-05T09:41:59","slug":"x1-everest-sph","status":"publish","type":"product","link":"https:\/\/www.halosports.co.uk\/es\/producto\/x1-everest-sph\/","title":{"rendered":"X1.EVEREST SPH"},"content":{"rendered":"<ul>\n<li>Cuadro: gris grafeno<\/li>\n<li>Lente: Nylon Sportchromic claro a gris<\/li>\n<li>Categor\u00eda de filtro: 3<\/li>\n<li>Logo extra\u00edble para una mejor ventilaci\u00f3n.<\/li>\n<li>Almohadillas de nariz ajustables.<\/li>\n<li>Gafas Made in Italy<\/li>\n<li>A prueba de ara\u00f1azos<\/li>\n<li>Tratamiento repelente al agua<\/li>\n<li>Resistente al impacto<\/li>\n<li>Garant\u00eda de por vida<\/li>\n<li>C\u00f3digo de barras: # 8052740080660<\/li>\n<\/ul>\n<p>SPECIAL &#8211; EVEREST<br \/>\nLa experimentaci\u00f3n con nuevas t\u00e9cnicas de producci\u00f3n y compuestos son la base para el dise\u00f1o de la serie especial de gafas deportivas EVEREST.<\/p>\n<p>El grafeno, definido como el material de las maravillas por sus excepcionales propiedades f\u00edsicas y qu\u00edmicas, se inserta en la composici\u00f3n del marco;  resistencia, flexibilidad y ligereza aumentan a\u00fan m\u00e1s, haciendo que las gafas de sol NRC rindan m\u00e1s all\u00e1 de todos los l\u00edmites.<\/p>","protected":false},"excerpt":{"rendered":"<p>Gafas de sol deportivas X1.EVEREST SPH con montura de grafeno y lentes fotocrom\u00e1ticas hiperreactivas en NXT.\n\nDise\u00f1ados y fabricados en Italia con materiales de alta calidad, garantizan ligereza, resistencia y flexibilidad para un resultado excelente.<br \/>\nDesigned and manufactured in Italy with high-quality materials that guarantee lightness, durability and flexibility for a high-performance result.<\/p>","protected":false},"featured_media":11915,"template":"","meta":[],"product_brand":[],"product_cat":[695],"product_tag":[704],"class_list":{"0":"post-11914","1":"product","2":"type-product","3":"status-publish","4":"has-post-thumbnail","6":"product_cat-cycling-glasses","7":"product_tag-cycling-nrc","9":"first","10":"instock","11":"shipping-taxable","12":"purchasable","13":"product-type-simple"},"yoast_head":"<!-- This site is optimized with the Yoast SEO plugin v27.4 - https:\/\/yoast.com\/product\/yoast-seo-wordpress\/ -->\n<title>X1.EVEREST SPH - Halo Sports<\/title>\n<meta name=\"robots\" content=\"index, follow, max-snippet:-1, max-image-preview:large, max-video-preview:-1\" \/>\n<link rel=\"canonical\" href=\"https:\/\/www.halosports.co.uk\/es\/producto\/x1-everest-sph\/\" \/>\n<meta property=\"og:locale\" content=\"es_ES\" \/>\n<meta property=\"og:type\" content=\"article\" \/>\n<meta property=\"og:title\" content=\"X1.EVEREST SPH - Halo Sports\" \/>\n<meta property=\"og:description\" content=\"X1.EVEREST SPH sports sunglasses with a graphene frame and hyper-reactive photochromic NXT lenses. Designed and manufactured in Italy with high-quality materials that guarantee lightness, durability and flexibility for a high-performance result.\" \/>\n<meta property=\"og:url\" content=\"https:\/\/www.halosports.co.uk\/es\/producto\/x1-everest-sph\/\" \/>\n<meta property=\"og:site_name\" content=\"Halo Sports\" \/>\n<meta property=\"article:modified_time\" content=\"2020-06-05T09:41:59+00:00\" \/>\n<meta property=\"og:image\" content=\"https:\/\/www.halosports.co.uk\/wp-content\/uploads\/2020\/05\/X1-EVEREST-2.jpg\" \/>\n\t<meta property=\"og:image:width\" content=\"900\" \/>\n\t<meta property=\"og:image:height\" content=\"900\" \/>\n\t<meta property=\"og:image:type\" content=\"image\/jpeg\" \/>\n<meta name=\"twitter:card\" content=\"summary_large_image\" \/>\n<meta name=\"twitter:label1\" content=\"Tiempo de lectura\" \/>\n\t<meta name=\"twitter:data1\" content=\"1 minuto\" \/>\n<script type=\"application\/ld+json\" class=\"yoast-schema-graph\">{\"@context\":\"https:\\\/\\\/schema.org\",\"@graph\":[{\"@type\":\"WebPage\",\"@id\":\"https:\\\/\\\/www.halosports.co.uk\\\/es\\\/producto\\\/x1-everest-sph\\\/\",\"url\":\"https:\\\/\\\/www.halosports.co.uk\\\/es\\\/producto\\\/x1-everest-sph\\\/\",\"name\":\"X1.EVEREST SPH - Halo Sports\",\"isPartOf\":{\"@id\":\"https:\\\/\\\/www.halosports.co.uk\\\/es\\\/#website\"},\"primaryImageOfPage\":{\"@id\":\"https:\\\/\\\/www.halosports.co.uk\\\/es\\\/producto\\\/x1-everest-sph\\\/#primaryimage\"},\"image\":{\"@id\":\"https:\\\/\\\/www.halosports.co.uk\\\/es\\\/producto\\\/x1-everest-sph\\\/#primaryimage\"},\"thumbnailUrl\":\"https:\\\/\\\/www.halosports.co.uk\\\/wp-content\\\/uploads\\\/2020\\\/05\\\/X1-EVEREST-2.jpg\",\"datePublished\":\"2020-05-27T10:26:34+00:00\",\"dateModified\":\"2020-06-05T09:41:59+00:00\",\"breadcrumb\":{\"@id\":\"https:\\\/\\\/www.halosports.co.uk\\\/es\\\/producto\\\/x1-everest-sph\\\/#breadcrumb\"},\"inLanguage\":\"es\",\"potentialAction\":[{\"@type\":\"ReadAction\",\"target\":[\"https:\\\/\\\/www.halosports.co.uk\\\/es\\\/producto\\\/x1-everest-sph\\\/\"]}]},{\"@type\":\"ImageObject\",\"inLanguage\":\"es\",\"@id\":\"https:\\\/\\\/www.halosports.co.uk\\\/es\\\/producto\\\/x1-everest-sph\\\/#primaryimage\",\"url\":\"https:\\\/\\\/www.halosports.co.uk\\\/wp-content\\\/uploads\\\/2020\\\/05\\\/X1-EVEREST-2.jpg\",\"contentUrl\":\"https:\\\/\\\/www.halosports.co.uk\\\/wp-content\\\/uploads\\\/2020\\\/05\\\/X1-EVEREST-2.jpg\",\"width\":900,\"height\":900},{\"@type\":\"BreadcrumbList\",\"@id\":\"https:\\\/\\\/www.halosports.co.uk\\\/es\\\/producto\\\/x1-everest-sph\\\/#breadcrumb\",\"itemListElement\":[{\"@type\":\"ListItem\",\"position\":1,\"name\":\"Home\",\"item\":\"https:\\\/\\\/www.halosports.co.uk\\\/\"},{\"@type\":\"ListItem\",\"position\":2,\"name\":\"Products\",\"item\":\"https:\\\/\\\/www.halosports.co.uk\\\/shop\\\/\"},{\"@type\":\"ListItem\",\"position\":3,\"name\":\"X1.EVEREST SPH\"}]},{\"@type\":\"WebSite\",\"@id\":\"https:\\\/\\\/www.halosports.co.uk\\\/es\\\/#website\",\"url\":\"https:\\\/\\\/www.halosports.co.uk\\\/es\\\/\",\"name\":\"Halo Sports\",\"description\":\"Cycling Helmets and Custom Sports Apparel\",\"publisher\":{\"@id\":\"https:\\\/\\\/www.halosports.co.uk\\\/es\\\/#organization\"},\"potentialAction\":[{\"@type\":\"SearchAction\",\"target\":{\"@type\":\"EntryPoint\",\"urlTemplate\":\"https:\\\/\\\/www.halosports.co.uk\\\/es\\\/?s={search_term_string}\"},\"query-input\":{\"@type\":\"PropertyValueSpecification\",\"valueRequired\":true,\"valueName\":\"search_term_string\"}}],\"inLanguage\":\"es\"},{\"@type\":\"Organization\",\"@id\":\"https:\\\/\\\/www.halosports.co.uk\\\/es\\\/#organization\",\"name\":\"Halo Sports Limited\",\"url\":\"https:\\\/\\\/www.halosports.co.uk\\\/es\\\/\",\"logo\":{\"@type\":\"ImageObject\",\"inLanguage\":\"es\",\"@id\":\"https:\\\/\\\/www.halosports.co.uk\\\/es\\\/#\\\/schema\\\/logo\\\/image\\\/\",\"url\":\"https:\\\/\\\/www.halosports.co.uk\\\/wp-content\\\/uploads\\\/2018\\\/11\\\/halo-bolder-logo-orange-voucher.png\",\"contentUrl\":\"https:\\\/\\\/www.halosports.co.uk\\\/wp-content\\\/uploads\\\/2018\\\/11\\\/halo-bolder-logo-orange-voucher.png\",\"width\":180,\"height\":35,\"caption\":\"Halo Sports Limited\"},\"image\":{\"@id\":\"https:\\\/\\\/www.halosports.co.uk\\\/es\\\/#\\\/schema\\\/logo\\\/image\\\/\"}}]}<\/script>\n<!-- \/ Yoast SEO plugin. -->","yoast_head_json":{"title":"X1.EVEREST SPH - Halo Sports","robots":{"index":"index","follow":"follow","max-snippet":"max-snippet:-1","max-image-preview":"max-image-preview:large","max-video-preview":"max-video-preview:-1"},"canonical":"https:\/\/www.halosports.co.uk\/es\/producto\/x1-everest-sph\/","og_locale":"es_ES","og_type":"article","og_title":"X1.EVEREST SPH - Halo Sports","og_description":"X1.EVEREST SPH sports sunglasses with a graphene frame and hyper-reactive photochromic NXT lenses. Designed and manufactured in Italy with high-quality materials that guarantee lightness, durability and flexibility for a high-performance result.","og_url":"https:\/\/www.halosports.co.uk\/es\/producto\/x1-everest-sph\/","og_site_name":"Halo Sports","article_modified_time":"2020-06-05T09:41:59+00:00","og_image":[{"width":900,"height":900,"url":"https:\/\/www.halosports.co.uk\/wp-content\/uploads\/2020\/05\/X1-EVEREST-2.jpg","type":"image\/jpeg"}],"twitter_card":"summary_large_image","twitter_misc":{"Tiempo de lectura":"1 minuto"},"schema":{"@context":"https:\/\/schema.org","@graph":[{"@type":"WebPage","@id":"https:\/\/www.halosports.co.uk\/es\/producto\/x1-everest-sph\/","url":"https:\/\/www.halosports.co.uk\/es\/producto\/x1-everest-sph\/","name":"X1.EVEREST SPH - Halo Sports","isPartOf":{"@id":"https:\/\/www.halosports.co.uk\/es\/#website"},"primaryImageOfPage":{"@id":"https:\/\/www.halosports.co.uk\/es\/producto\/x1-everest-sph\/#primaryimage"},"image":{"@id":"https:\/\/www.halosports.co.uk\/es\/producto\/x1-everest-sph\/#primaryimage"},"thumbnailUrl":"https:\/\/www.halosports.co.uk\/wp-content\/uploads\/2020\/05\/X1-EVEREST-2.jpg","datePublished":"2020-05-27T10:26:34+00:00","dateModified":"2020-06-05T09:41:59+00:00","breadcrumb":{"@id":"https:\/\/www.halosports.co.uk\/es\/producto\/x1-everest-sph\/#breadcrumb"},"inLanguage":"es","potentialAction":[{"@type":"ReadAction","target":["https:\/\/www.halosports.co.uk\/es\/producto\/x1-everest-sph\/"]}]},{"@type":"ImageObject","inLanguage":"es","@id":"https:\/\/www.halosports.co.uk\/es\/producto\/x1-everest-sph\/#primaryimage","url":"https:\/\/www.halosports.co.uk\/wp-content\/uploads\/2020\/05\/X1-EVEREST-2.jpg","contentUrl":"https:\/\/www.halosports.co.uk\/wp-content\/uploads\/2020\/05\/X1-EVEREST-2.jpg","width":900,"height":900},{"@type":"BreadcrumbList","@id":"https:\/\/www.halosports.co.uk\/es\/producto\/x1-everest-sph\/#breadcrumb","itemListElement":[{"@type":"ListItem","position":1,"name":"Home","item":"https:\/\/www.halosports.co.uk\/"},{"@type":"ListItem","position":2,"name":"Products","item":"https:\/\/www.halosports.co.uk\/shop\/"},{"@type":"ListItem","position":3,"name":"X1.EVEREST SPH"}]},{"@type":"WebSite","@id":"https:\/\/www.halosports.co.uk\/es\/#website","url":"https:\/\/www.halosports.co.uk\/es\/","name":"Halo Sports","description":"Cycling Helmets and Custom Sports Apparel","publisher":{"@id":"https:\/\/www.halosports.co.uk\/es\/#organization"},"potentialAction":[{"@type":"SearchAction","target":{"@type":"EntryPoint","urlTemplate":"https:\/\/www.halosports.co.uk\/es\/?s={search_term_string}"},"query-input":{"@type":"PropertyValueSpecification","valueRequired":true,"valueName":"search_term_string"}}],"inLanguage":"es"},{"@type":"Organization","@id":"https:\/\/www.halosports.co.uk\/es\/#organization","name":"Halo Sports Limited","url":"https:\/\/www.halosports.co.uk\/es\/","logo":{"@type":"ImageObject","inLanguage":"es","@id":"https:\/\/www.halosports.co.uk\/es\/#\/schema\/logo\/image\/","url":"https:\/\/www.halosports.co.uk\/wp-content\/uploads\/2018\/11\/halo-bolder-logo-orange-voucher.png","contentUrl":"https:\/\/www.halosports.co.uk\/wp-content\/uploads\/2018\/11\/halo-bolder-logo-orange-voucher.png","width":180,"height":35,"caption":"Halo Sports Limited"},"image":{"@id":"https:\/\/www.halosports.co.uk\/es\/#\/schema\/logo\/image\/"}}]}},"_links":{"self":[{"href":"https:\/\/www.halosports.co.uk\/es\/wp-json\/wp\/v2\/product\/11914","targetHints":{"allow":["GET"]}}],"collection":[{"href":"https:\/\/www.halosports.co.uk\/es\/wp-json\/wp\/v2\/product"}],"about":[{"href":"https:\/\/www.halosports.co.uk\/es\/wp-json\/wp\/v2\/types\/product"}],"wp:featuredmedia":[{"embeddable":true,"href":"https:\/\/www.halosports.co.uk\/es\/wp-json\/wp\/v2\/media\/11915"}],"wp:attachment":[{"href":"https:\/\/www.halosports.co.uk\/es\/wp-json\/wp\/v2\/media?parent=11914"}],"wp:term":[{"taxonomy":"product_brand","embeddable":true,"href":"https:\/\/www.halosports.co.uk\/es\/wp-json\/wp\/v2\/product_brand?post=11914"},{"taxonomy":"product_cat","embeddable":true,"href":"https:\/\/www.halosports.co.uk\/es\/wp-json\/wp\/v2\/product_cat?post=11914"},{"taxonomy":"product_tag","embeddable":true,"href":"https:\/\/www.halosports.co.uk\/es\/wp-json\/wp\/v2\/product_tag?post=11914"}],"curies":[{"name":"wp","href":"https:\/\/api.w.org\/{rel}","templated":true}]}}