{"id":11936,"date":"2020-05-27T11:35:11","date_gmt":"2020-05-27T10:35:11","guid":{"rendered":"https:\/\/www.halosports.co.uk\/?post_type=product&#038;p=11936"},"modified":"2020-06-05T10:41:59","modified_gmt":"2020-06-05T09:41:59","slug":"x3-lavaredo","status":"publish","type":"product","link":"https:\/\/www.halosports.co.uk\/es\/producto\/x3-lavaredo\/","title":{"rendered":"X3.LAVAREDO"},"content":{"rendered":"<ul>\n<li>Marco: aguamarina opaca azul y negro<\/li>\n<li>Lente: ZEISS Super Nylens 2.0 Intense Blue Mirror<\/li>\n<li>Categor\u00eda de filtro: 3<\/li>\n<li>Logo extra\u00edble para una mejor ventilaci\u00f3n.<\/li>\n<li>Logo extra\u00edble para una mejor ventilaci\u00f3n.<\/li>\n<li>Agujero anti-vaho<\/li>\n<li>Almohadillas de nariz ajustables.<\/li>\n<li>Gafas Made in Italy<\/li>\n<li>A prueba de ara\u00f1azos<\/li>\n<li>ZEISS Ri-Pel\u00ae<\/li>\n<li>Resistente al impacto<\/li>\n<li>Garant\u00eda de por vida<\/li>\n<li>Apto para conducir<\/li>\n<li>Clip de lente interno graduado OSS \/ X3 disponible<\/li>\n<li>C\u00f3digo de barras: # 8052740080714<\/li>\n<\/ul>\n<p>CICLISMO - SERIE X<br \/>\nLas gafas de sol con clips internos de la SERIE X, tambi\u00e9n ideales para usar durante las actividades deportivas, responden directamente a las verdaderas necesidades de cada ciclista, respetando la necesidad de combinar la comodidad visual y la calidad \u00f3ptica con protecci\u00f3n y seguridad para la vista<\/p>","protected":false},"excerpt":{"rendered":"<p>Gafas X3.LAVAREDO con la posibilidad de insertar clips para lentes graduadas internas, adecuadas para su uso durante actividades deportivas (bicicleta, carrera, etc.<br \/>\nNRC ha desarrollado la soluci\u00f3n m\u00e1s c\u00f3moda para todos los atletas que buscan gafas de sol con un rendimiento \u00f3ptico \u00f3ptimo y facilidad de uso.<\/p>","protected":false},"featured_media":11937,"template":"","meta":[],"product_brand":[],"product_cat":[695],"product_tag":[704],"class_list":{"0":"post-11936","1":"product","2":"type-product","3":"status-publish","4":"has-post-thumbnail","6":"product_cat-cycling-glasses","7":"product_tag-cycling-nrc","9":"first","10":"instock","11":"shipping-taxable","12":"purchasable","13":"product-type-simple"},"yoast_head":"<!-- This site is optimized with the Yoast SEO plugin v27.4 - https:\/\/yoast.com\/product\/yoast-seo-wordpress\/ -->\n<title>X3.LAVAREDO - Halo Sports<\/title>\n<meta name=\"robots\" content=\"index, follow, max-snippet:-1, max-image-preview:large, max-video-preview:-1\" \/>\n<link rel=\"canonical\" href=\"https:\/\/www.halosports.co.uk\/es\/producto\/x3-lavaredo\/\" \/>\n<meta property=\"og:locale\" content=\"es_ES\" \/>\n<meta property=\"og:type\" content=\"article\" \/>\n<meta property=\"og:title\" content=\"X3.LAVAREDO - Halo Sports\" \/>\n<meta property=\"og:description\" content=\"X3.LAVAREDO glasses\u00a0with optional clip\u00a0for internal prescription inserts,\u00a0suitable for all kinds of sports. NRC has developed the most comfortable solution for all athletes in search of sunglasses that offer superior optical performance and fit.\" \/>\n<meta property=\"og:url\" content=\"https:\/\/www.halosports.co.uk\/es\/producto\/x3-lavaredo\/\" \/>\n<meta property=\"og:site_name\" content=\"Halo Sports\" \/>\n<meta property=\"article:modified_time\" content=\"2020-06-05T09:41:59+00:00\" \/>\n<meta property=\"og:image\" content=\"https:\/\/www.halosports.co.uk\/wp-content\/uploads\/2020\/05\/X3-LAVAREDO-2.jpg\" \/>\n\t<meta property=\"og:image:width\" content=\"900\" \/>\n\t<meta property=\"og:image:height\" content=\"900\" \/>\n\t<meta property=\"og:image:type\" content=\"image\/jpeg\" \/>\n<meta name=\"twitter:card\" content=\"summary_large_image\" \/>\n<meta name=\"twitter:label1\" content=\"Tiempo de lectura\" \/>\n\t<meta name=\"twitter:data1\" content=\"1 minuto\" \/>\n<script type=\"application\/ld+json\" class=\"yoast-schema-graph\">{\"@context\":\"https:\\\/\\\/schema.org\",\"@graph\":[{\"@type\":\"WebPage\",\"@id\":\"https:\\\/\\\/www.halosports.co.uk\\\/product\\\/x3-lavaredo\\\/\",\"url\":\"https:\\\/\\\/www.halosports.co.uk\\\/product\\\/x3-lavaredo\\\/\",\"name\":\"X3.LAVAREDO - Halo Sports\",\"isPartOf\":{\"@id\":\"https:\\\/\\\/www.halosports.co.uk\\\/es\\\/#website\"},\"primaryImageOfPage\":{\"@id\":\"https:\\\/\\\/www.halosports.co.uk\\\/product\\\/x3-lavaredo\\\/#primaryimage\"},\"image\":{\"@id\":\"https:\\\/\\\/www.halosports.co.uk\\\/product\\\/x3-lavaredo\\\/#primaryimage\"},\"thumbnailUrl\":\"https:\\\/\\\/www.halosports.co.uk\\\/wp-content\\\/uploads\\\/2020\\\/05\\\/X3-LAVAREDO-2.jpg\",\"datePublished\":\"2020-05-27T10:35:11+00:00\",\"dateModified\":\"2020-06-05T09:41:59+00:00\",\"breadcrumb\":{\"@id\":\"https:\\\/\\\/www.halosports.co.uk\\\/product\\\/x3-lavaredo\\\/#breadcrumb\"},\"inLanguage\":\"es\",\"potentialAction\":[{\"@type\":\"ReadAction\",\"target\":[\"https:\\\/\\\/www.halosports.co.uk\\\/product\\\/x3-lavaredo\\\/\"]}]},{\"@type\":\"ImageObject\",\"inLanguage\":\"es\",\"@id\":\"https:\\\/\\\/www.halosports.co.uk\\\/product\\\/x3-lavaredo\\\/#primaryimage\",\"url\":\"https:\\\/\\\/www.halosports.co.uk\\\/wp-content\\\/uploads\\\/2020\\\/05\\\/X3-LAVAREDO-2.jpg\",\"contentUrl\":\"https:\\\/\\\/www.halosports.co.uk\\\/wp-content\\\/uploads\\\/2020\\\/05\\\/X3-LAVAREDO-2.jpg\",\"width\":900,\"height\":900},{\"@type\":\"BreadcrumbList\",\"@id\":\"https:\\\/\\\/www.halosports.co.uk\\\/product\\\/x3-lavaredo\\\/#breadcrumb\",\"itemListElement\":[{\"@type\":\"ListItem\",\"position\":1,\"name\":\"Home\",\"item\":\"https:\\\/\\\/www.halosports.co.uk\\\/\"},{\"@type\":\"ListItem\",\"position\":2,\"name\":\"Products\",\"item\":\"https:\\\/\\\/www.halosports.co.uk\\\/shop\\\/\"},{\"@type\":\"ListItem\",\"position\":3,\"name\":\"X3.LAVAREDO\"}]},{\"@type\":\"WebSite\",\"@id\":\"https:\\\/\\\/www.halosports.co.uk\\\/es\\\/#website\",\"url\":\"https:\\\/\\\/www.halosports.co.uk\\\/es\\\/\",\"name\":\"Halo Sports\",\"description\":\"Cycling Helmets and Custom Sports Apparel\",\"publisher\":{\"@id\":\"https:\\\/\\\/www.halosports.co.uk\\\/es\\\/#organization\"},\"potentialAction\":[{\"@type\":\"SearchAction\",\"target\":{\"@type\":\"EntryPoint\",\"urlTemplate\":\"https:\\\/\\\/www.halosports.co.uk\\\/es\\\/?s={search_term_string}\"},\"query-input\":{\"@type\":\"PropertyValueSpecification\",\"valueRequired\":true,\"valueName\":\"search_term_string\"}}],\"inLanguage\":\"es\"},{\"@type\":\"Organization\",\"@id\":\"https:\\\/\\\/www.halosports.co.uk\\\/es\\\/#organization\",\"name\":\"Halo Sports Limited\",\"url\":\"https:\\\/\\\/www.halosports.co.uk\\\/es\\\/\",\"logo\":{\"@type\":\"ImageObject\",\"inLanguage\":\"es\",\"@id\":\"https:\\\/\\\/www.halosports.co.uk\\\/es\\\/#\\\/schema\\\/logo\\\/image\\\/\",\"url\":\"https:\\\/\\\/www.halosports.co.uk\\\/wp-content\\\/uploads\\\/2018\\\/11\\\/halo-bolder-logo-orange-voucher.png\",\"contentUrl\":\"https:\\\/\\\/www.halosports.co.uk\\\/wp-content\\\/uploads\\\/2018\\\/11\\\/halo-bolder-logo-orange-voucher.png\",\"width\":180,\"height\":35,\"caption\":\"Halo Sports Limited\"},\"image\":{\"@id\":\"https:\\\/\\\/www.halosports.co.uk\\\/es\\\/#\\\/schema\\\/logo\\\/image\\\/\"}}]}<\/script>\n<!-- \/ Yoast SEO plugin. -->","yoast_head_json":{"title":"X3.LAVAREDO - Halo Sports","robots":{"index":"index","follow":"follow","max-snippet":"max-snippet:-1","max-image-preview":"max-image-preview:large","max-video-preview":"max-video-preview:-1"},"canonical":"https:\/\/www.halosports.co.uk\/es\/producto\/x3-lavaredo\/","og_locale":"es_ES","og_type":"article","og_title":"X3.LAVAREDO - Halo Sports","og_description":"X3.LAVAREDO glasses\u00a0with optional clip\u00a0for internal prescription inserts,\u00a0suitable for all kinds of sports. NRC has developed the most comfortable solution for all athletes in search of sunglasses that offer superior optical performance and fit.","og_url":"https:\/\/www.halosports.co.uk\/es\/producto\/x3-lavaredo\/","og_site_name":"Halo Sports","article_modified_time":"2020-06-05T09:41:59+00:00","og_image":[{"width":900,"height":900,"url":"https:\/\/www.halosports.co.uk\/wp-content\/uploads\/2020\/05\/X3-LAVAREDO-2.jpg","type":"image\/jpeg"}],"twitter_card":"summary_large_image","twitter_misc":{"Tiempo de lectura":"1 minuto"},"schema":{"@context":"https:\/\/schema.org","@graph":[{"@type":"WebPage","@id":"https:\/\/www.halosports.co.uk\/product\/x3-lavaredo\/","url":"https:\/\/www.halosports.co.uk\/product\/x3-lavaredo\/","name":"X3.LAVAREDO - Halo Sports","isPartOf":{"@id":"https:\/\/www.halosports.co.uk\/es\/#website"},"primaryImageOfPage":{"@id":"https:\/\/www.halosports.co.uk\/product\/x3-lavaredo\/#primaryimage"},"image":{"@id":"https:\/\/www.halosports.co.uk\/product\/x3-lavaredo\/#primaryimage"},"thumbnailUrl":"https:\/\/www.halosports.co.uk\/wp-content\/uploads\/2020\/05\/X3-LAVAREDO-2.jpg","datePublished":"2020-05-27T10:35:11+00:00","dateModified":"2020-06-05T09:41:59+00:00","breadcrumb":{"@id":"https:\/\/www.halosports.co.uk\/product\/x3-lavaredo\/#breadcrumb"},"inLanguage":"es","potentialAction":[{"@type":"ReadAction","target":["https:\/\/www.halosports.co.uk\/product\/x3-lavaredo\/"]}]},{"@type":"ImageObject","inLanguage":"es","@id":"https:\/\/www.halosports.co.uk\/product\/x3-lavaredo\/#primaryimage","url":"https:\/\/www.halosports.co.uk\/wp-content\/uploads\/2020\/05\/X3-LAVAREDO-2.jpg","contentUrl":"https:\/\/www.halosports.co.uk\/wp-content\/uploads\/2020\/05\/X3-LAVAREDO-2.jpg","width":900,"height":900},{"@type":"BreadcrumbList","@id":"https:\/\/www.halosports.co.uk\/product\/x3-lavaredo\/#breadcrumb","itemListElement":[{"@type":"ListItem","position":1,"name":"Home","item":"https:\/\/www.halosports.co.uk\/"},{"@type":"ListItem","position":2,"name":"Products","item":"https:\/\/www.halosports.co.uk\/shop\/"},{"@type":"ListItem","position":3,"name":"X3.LAVAREDO"}]},{"@type":"WebSite","@id":"https:\/\/www.halosports.co.uk\/es\/#website","url":"https:\/\/www.halosports.co.uk\/es\/","name":"Halo Sports","description":"Cycling Helmets and Custom Sports Apparel","publisher":{"@id":"https:\/\/www.halosports.co.uk\/es\/#organization"},"potentialAction":[{"@type":"SearchAction","target":{"@type":"EntryPoint","urlTemplate":"https:\/\/www.halosports.co.uk\/es\/?s={search_term_string}"},"query-input":{"@type":"PropertyValueSpecification","valueRequired":true,"valueName":"search_term_string"}}],"inLanguage":"es"},{"@type":"Organization","@id":"https:\/\/www.halosports.co.uk\/es\/#organization","name":"Halo Sports Limited","url":"https:\/\/www.halosports.co.uk\/es\/","logo":{"@type":"ImageObject","inLanguage":"es","@id":"https:\/\/www.halosports.co.uk\/es\/#\/schema\/logo\/image\/","url":"https:\/\/www.halosports.co.uk\/wp-content\/uploads\/2018\/11\/halo-bolder-logo-orange-voucher.png","contentUrl":"https:\/\/www.halosports.co.uk\/wp-content\/uploads\/2018\/11\/halo-bolder-logo-orange-voucher.png","width":180,"height":35,"caption":"Halo Sports Limited"},"image":{"@id":"https:\/\/www.halosports.co.uk\/es\/#\/schema\/logo\/image\/"}}]}},"_links":{"self":[{"href":"https:\/\/www.halosports.co.uk\/es\/wp-json\/wp\/v2\/product\/11936","targetHints":{"allow":["GET"]}}],"collection":[{"href":"https:\/\/www.halosports.co.uk\/es\/wp-json\/wp\/v2\/product"}],"about":[{"href":"https:\/\/www.halosports.co.uk\/es\/wp-json\/wp\/v2\/types\/product"}],"wp:featuredmedia":[{"embeddable":true,"href":"https:\/\/www.halosports.co.uk\/es\/wp-json\/wp\/v2\/media\/11937"}],"wp:attachment":[{"href":"https:\/\/www.halosports.co.uk\/es\/wp-json\/wp\/v2\/media?parent=11936"}],"wp:term":[{"taxonomy":"product_brand","embeddable":true,"href":"https:\/\/www.halosports.co.uk\/es\/wp-json\/wp\/v2\/product_brand?post=11936"},{"taxonomy":"product_cat","embeddable":true,"href":"https:\/\/www.halosports.co.uk\/es\/wp-json\/wp\/v2\/product_cat?post=11936"},{"taxonomy":"product_tag","embeddable":true,"href":"https:\/\/www.halosports.co.uk\/es\/wp-json\/wp\/v2\/product_tag?post=11936"}],"curies":[{"name":"wp","href":"https:\/\/api.w.org\/{rel}","templated":true}]}}