{"id":11941,"date":"2020-05-27T11:37:07","date_gmt":"2020-05-27T10:37:07","guid":{"rendered":"https:\/\/www.halosports.co.uk\/?post_type=product&#038;p=11941"},"modified":"2020-06-05T10:41:59","modified_gmt":"2020-06-05T09:41:59","slug":"x5-tourmalet","status":"publish","type":"product","link":"https:\/\/www.halosports.co.uk\/es\/producto\/x5-tourmalet\/","title":{"rendered":"X5.TOURMALET"},"content":{"rendered":"<ul>\n<li>Cuadro: cristal negro brillante y verde \u00e1cido<\/li>\n<li>Lente: ZEISS Intense Blue Mirror<\/li>\n<li>Categor\u00eda de filtro: 3<\/li>\n<li>Logo extra\u00edble para una mejor ventilaci\u00f3n.<\/li>\n<li>Almohadillas de nariz ajustables.<\/li>\n<li>Gafas Made in Italy<\/li>\n<li>A prueba de ara\u00f1azos<\/li>\n<li>ZEISS Ri-Pel\u00ae<\/li>\n<li>Resistente al impacto<\/li>\n<li>Garant\u00eda de por vida<\/li>\n<li>Apto para conducir<\/li>\n<li>Clip de gradaci\u00f3n directa OSS \/ X5 disponible<\/li>\n<li>C\u00f3digo de barras: # 8052740080783<\/li>\n<\/ul>\n<p>CICLISMO - SERIE X<br \/>\nParte superior de la gama de gafas dise\u00f1adas para el uso de bicicletas, la SERIE X es la l\u00ednea creada para responder a las necesidades de los ciclistas profesionales y no profesionales: gracias tambi\u00e9n a las lentes especiales ZEISS, representan el equilibrio perfecto entre comodidad, dise\u00f1o e innovaci\u00f3n tecnol\u00f3gica.<\/p>","protected":false},"excerpt":{"rendered":"<p>X5.Gafas de bicicleta TOURMALET con lentes intercambiables ZEISS, concebidas y dise\u00f1adas para su uso por ciclistas.<br \/>\nGracias al est\u00e1ndar ZEISS, estas gafas de sol NRC adquieren mayor claridad y resoluci\u00f3n, as\u00ed como protecci\u00f3n y resistencia a cualquier condici\u00f3n externa.  Posibilidad de graduarlos.<br \/>\nPrescription lenses can be inserted.<\/p>","protected":false},"featured_media":11942,"template":"","meta":[],"product_brand":[],"product_cat":[695],"product_tag":[704],"class_list":{"0":"post-11941","1":"product","2":"type-product","3":"status-publish","4":"has-post-thumbnail","6":"product_cat-cycling-glasses","7":"product_tag-cycling-nrc","9":"first","10":"instock","11":"shipping-taxable","12":"purchasable","13":"product-type-simple"},"yoast_head":"<!-- This site is optimized with the Yoast SEO plugin v27.4 - https:\/\/yoast.com\/product\/yoast-seo-wordpress\/ -->\n<title>X5.TOURMALET - Halo Sports<\/title>\n<meta name=\"robots\" content=\"index, follow, max-snippet:-1, max-image-preview:large, max-video-preview:-1\" \/>\n<link rel=\"canonical\" href=\"https:\/\/www.halosports.co.uk\/es\/producto\/x5-tourmalet\/\" \/>\n<meta property=\"og:locale\" content=\"es_ES\" \/>\n<meta property=\"og:type\" content=\"article\" \/>\n<meta property=\"og:title\" content=\"X5.TOURMALET - Halo Sports\" \/>\n<meta property=\"og:description\" content=\"X5.TOURMALET bike glasses\u00a0with interchangeable ZEISS lenses, conceived and designed to be used by cyclists. Thanks to the quality standards of ZEISS, these\u00a0NRC sunglasses offer greater clarity and resolution as well as protection and durability in any outdoor conditions. Prescription lenses can be inserted.\" \/>\n<meta property=\"og:url\" content=\"https:\/\/www.halosports.co.uk\/es\/producto\/x5-tourmalet\/\" \/>\n<meta property=\"og:site_name\" content=\"Halo Sports\" \/>\n<meta property=\"article:modified_time\" content=\"2020-06-05T09:41:59+00:00\" \/>\n<meta property=\"og:image\" content=\"https:\/\/www.halosports.co.uk\/wp-content\/uploads\/2020\/05\/X5-TOURMALET-2.jpg\" \/>\n\t<meta property=\"og:image:width\" content=\"900\" \/>\n\t<meta property=\"og:image:height\" content=\"900\" \/>\n\t<meta property=\"og:image:type\" content=\"image\/jpeg\" \/>\n<meta name=\"twitter:card\" content=\"summary_large_image\" \/>\n<script type=\"application\/ld+json\" class=\"yoast-schema-graph\">{\"@context\":\"https:\\\/\\\/schema.org\",\"@graph\":[{\"@type\":\"WebPage\",\"@id\":\"https:\\\/\\\/www.halosports.co.uk\\\/product\\\/x5-tourmalet\\\/\",\"url\":\"https:\\\/\\\/www.halosports.co.uk\\\/product\\\/x5-tourmalet\\\/\",\"name\":\"X5.TOURMALET - Halo Sports\",\"isPartOf\":{\"@id\":\"https:\\\/\\\/www.halosports.co.uk\\\/es\\\/#website\"},\"primaryImageOfPage\":{\"@id\":\"https:\\\/\\\/www.halosports.co.uk\\\/product\\\/x5-tourmalet\\\/#primaryimage\"},\"image\":{\"@id\":\"https:\\\/\\\/www.halosports.co.uk\\\/product\\\/x5-tourmalet\\\/#primaryimage\"},\"thumbnailUrl\":\"https:\\\/\\\/www.halosports.co.uk\\\/wp-content\\\/uploads\\\/2020\\\/05\\\/X5-TOURMALET-2.jpg\",\"datePublished\":\"2020-05-27T10:37:07+00:00\",\"dateModified\":\"2020-06-05T09:41:59+00:00\",\"breadcrumb\":{\"@id\":\"https:\\\/\\\/www.halosports.co.uk\\\/product\\\/x5-tourmalet\\\/#breadcrumb\"},\"inLanguage\":\"es\",\"potentialAction\":[{\"@type\":\"ReadAction\",\"target\":[\"https:\\\/\\\/www.halosports.co.uk\\\/product\\\/x5-tourmalet\\\/\"]}]},{\"@type\":\"ImageObject\",\"inLanguage\":\"es\",\"@id\":\"https:\\\/\\\/www.halosports.co.uk\\\/product\\\/x5-tourmalet\\\/#primaryimage\",\"url\":\"https:\\\/\\\/www.halosports.co.uk\\\/wp-content\\\/uploads\\\/2020\\\/05\\\/X5-TOURMALET-2.jpg\",\"contentUrl\":\"https:\\\/\\\/www.halosports.co.uk\\\/wp-content\\\/uploads\\\/2020\\\/05\\\/X5-TOURMALET-2.jpg\",\"width\":900,\"height\":900},{\"@type\":\"BreadcrumbList\",\"@id\":\"https:\\\/\\\/www.halosports.co.uk\\\/product\\\/x5-tourmalet\\\/#breadcrumb\",\"itemListElement\":[{\"@type\":\"ListItem\",\"position\":1,\"name\":\"Home\",\"item\":\"https:\\\/\\\/www.halosports.co.uk\\\/\"},{\"@type\":\"ListItem\",\"position\":2,\"name\":\"Products\",\"item\":\"https:\\\/\\\/www.halosports.co.uk\\\/shop\\\/\"},{\"@type\":\"ListItem\",\"position\":3,\"name\":\"X5.TOURMALET\"}]},{\"@type\":\"WebSite\",\"@id\":\"https:\\\/\\\/www.halosports.co.uk\\\/es\\\/#website\",\"url\":\"https:\\\/\\\/www.halosports.co.uk\\\/es\\\/\",\"name\":\"Halo Sports\",\"description\":\"Cycling Helmets and Custom Sports Apparel\",\"publisher\":{\"@id\":\"https:\\\/\\\/www.halosports.co.uk\\\/es\\\/#organization\"},\"potentialAction\":[{\"@type\":\"SearchAction\",\"target\":{\"@type\":\"EntryPoint\",\"urlTemplate\":\"https:\\\/\\\/www.halosports.co.uk\\\/es\\\/?s={search_term_string}\"},\"query-input\":{\"@type\":\"PropertyValueSpecification\",\"valueRequired\":true,\"valueName\":\"search_term_string\"}}],\"inLanguage\":\"es\"},{\"@type\":\"Organization\",\"@id\":\"https:\\\/\\\/www.halosports.co.uk\\\/es\\\/#organization\",\"name\":\"Halo Sports Limited\",\"url\":\"https:\\\/\\\/www.halosports.co.uk\\\/es\\\/\",\"logo\":{\"@type\":\"ImageObject\",\"inLanguage\":\"es\",\"@id\":\"https:\\\/\\\/www.halosports.co.uk\\\/es\\\/#\\\/schema\\\/logo\\\/image\\\/\",\"url\":\"https:\\\/\\\/www.halosports.co.uk\\\/wp-content\\\/uploads\\\/2018\\\/11\\\/halo-bolder-logo-orange-voucher.png\",\"contentUrl\":\"https:\\\/\\\/www.halosports.co.uk\\\/wp-content\\\/uploads\\\/2018\\\/11\\\/halo-bolder-logo-orange-voucher.png\",\"width\":180,\"height\":35,\"caption\":\"Halo Sports Limited\"},\"image\":{\"@id\":\"https:\\\/\\\/www.halosports.co.uk\\\/es\\\/#\\\/schema\\\/logo\\\/image\\\/\"}}]}<\/script>\n<!-- \/ Yoast SEO plugin. -->","yoast_head_json":{"title":"X5.TOURMALET - Halo Sports","robots":{"index":"index","follow":"follow","max-snippet":"max-snippet:-1","max-image-preview":"max-image-preview:large","max-video-preview":"max-video-preview:-1"},"canonical":"https:\/\/www.halosports.co.uk\/es\/producto\/x5-tourmalet\/","og_locale":"es_ES","og_type":"article","og_title":"X5.TOURMALET - Halo Sports","og_description":"X5.TOURMALET bike glasses\u00a0with interchangeable ZEISS lenses, conceived and designed to be used by cyclists. Thanks to the quality standards of ZEISS, these\u00a0NRC sunglasses offer greater clarity and resolution as well as protection and durability in any outdoor conditions. Prescription lenses can be inserted.","og_url":"https:\/\/www.halosports.co.uk\/es\/producto\/x5-tourmalet\/","og_site_name":"Halo Sports","article_modified_time":"2020-06-05T09:41:59+00:00","og_image":[{"width":900,"height":900,"url":"https:\/\/www.halosports.co.uk\/wp-content\/uploads\/2020\/05\/X5-TOURMALET-2.jpg","type":"image\/jpeg"}],"twitter_card":"summary_large_image","schema":{"@context":"https:\/\/schema.org","@graph":[{"@type":"WebPage","@id":"https:\/\/www.halosports.co.uk\/product\/x5-tourmalet\/","url":"https:\/\/www.halosports.co.uk\/product\/x5-tourmalet\/","name":"X5.TOURMALET - Halo Sports","isPartOf":{"@id":"https:\/\/www.halosports.co.uk\/es\/#website"},"primaryImageOfPage":{"@id":"https:\/\/www.halosports.co.uk\/product\/x5-tourmalet\/#primaryimage"},"image":{"@id":"https:\/\/www.halosports.co.uk\/product\/x5-tourmalet\/#primaryimage"},"thumbnailUrl":"https:\/\/www.halosports.co.uk\/wp-content\/uploads\/2020\/05\/X5-TOURMALET-2.jpg","datePublished":"2020-05-27T10:37:07+00:00","dateModified":"2020-06-05T09:41:59+00:00","breadcrumb":{"@id":"https:\/\/www.halosports.co.uk\/product\/x5-tourmalet\/#breadcrumb"},"inLanguage":"es","potentialAction":[{"@type":"ReadAction","target":["https:\/\/www.halosports.co.uk\/product\/x5-tourmalet\/"]}]},{"@type":"ImageObject","inLanguage":"es","@id":"https:\/\/www.halosports.co.uk\/product\/x5-tourmalet\/#primaryimage","url":"https:\/\/www.halosports.co.uk\/wp-content\/uploads\/2020\/05\/X5-TOURMALET-2.jpg","contentUrl":"https:\/\/www.halosports.co.uk\/wp-content\/uploads\/2020\/05\/X5-TOURMALET-2.jpg","width":900,"height":900},{"@type":"BreadcrumbList","@id":"https:\/\/www.halosports.co.uk\/product\/x5-tourmalet\/#breadcrumb","itemListElement":[{"@type":"ListItem","position":1,"name":"Home","item":"https:\/\/www.halosports.co.uk\/"},{"@type":"ListItem","position":2,"name":"Products","item":"https:\/\/www.halosports.co.uk\/shop\/"},{"@type":"ListItem","position":3,"name":"X5.TOURMALET"}]},{"@type":"WebSite","@id":"https:\/\/www.halosports.co.uk\/es\/#website","url":"https:\/\/www.halosports.co.uk\/es\/","name":"Halo Sports","description":"Cycling Helmets and Custom Sports Apparel","publisher":{"@id":"https:\/\/www.halosports.co.uk\/es\/#organization"},"potentialAction":[{"@type":"SearchAction","target":{"@type":"EntryPoint","urlTemplate":"https:\/\/www.halosports.co.uk\/es\/?s={search_term_string}"},"query-input":{"@type":"PropertyValueSpecification","valueRequired":true,"valueName":"search_term_string"}}],"inLanguage":"es"},{"@type":"Organization","@id":"https:\/\/www.halosports.co.uk\/es\/#organization","name":"Halo Sports Limited","url":"https:\/\/www.halosports.co.uk\/es\/","logo":{"@type":"ImageObject","inLanguage":"es","@id":"https:\/\/www.halosports.co.uk\/es\/#\/schema\/logo\/image\/","url":"https:\/\/www.halosports.co.uk\/wp-content\/uploads\/2018\/11\/halo-bolder-logo-orange-voucher.png","contentUrl":"https:\/\/www.halosports.co.uk\/wp-content\/uploads\/2018\/11\/halo-bolder-logo-orange-voucher.png","width":180,"height":35,"caption":"Halo Sports Limited"},"image":{"@id":"https:\/\/www.halosports.co.uk\/es\/#\/schema\/logo\/image\/"}}]}},"_links":{"self":[{"href":"https:\/\/www.halosports.co.uk\/es\/wp-json\/wp\/v2\/product\/11941","targetHints":{"allow":["GET"]}}],"collection":[{"href":"https:\/\/www.halosports.co.uk\/es\/wp-json\/wp\/v2\/product"}],"about":[{"href":"https:\/\/www.halosports.co.uk\/es\/wp-json\/wp\/v2\/types\/product"}],"wp:featuredmedia":[{"embeddable":true,"href":"https:\/\/www.halosports.co.uk\/es\/wp-json\/wp\/v2\/media\/11942"}],"wp:attachment":[{"href":"https:\/\/www.halosports.co.uk\/es\/wp-json\/wp\/v2\/media?parent=11941"}],"wp:term":[{"taxonomy":"product_brand","embeddable":true,"href":"https:\/\/www.halosports.co.uk\/es\/wp-json\/wp\/v2\/product_brand?post=11941"},{"taxonomy":"product_cat","embeddable":true,"href":"https:\/\/www.halosports.co.uk\/es\/wp-json\/wp\/v2\/product_cat?post=11941"},{"taxonomy":"product_tag","embeddable":true,"href":"https:\/\/www.halosports.co.uk\/es\/wp-json\/wp\/v2\/product_tag?post=11941"}],"curies":[{"name":"wp","href":"https:\/\/api.w.org\/{rel}","templated":true}]}}