{"id":11946,"date":"2020-05-27T11:41:08","date_gmt":"2020-05-27T10:41:08","guid":{"rendered":"https:\/\/www.halosports.co.uk\/?post_type=product&#038;p=11946"},"modified":"2020-06-05T10:43:00","modified_gmt":"2020-06-05T09:43:00","slug":"rx1-light","status":"publish","type":"product","link":"https:\/\/www.halosports.co.uk\/es\/producto\/rx1-light\/","title":{"rendered":"RX1.LIGHT"},"content":{"rendered":"<ul>\n<li>Cuadro: Matt Charged Black<\/li>\n<li>Lente: ZEISS Black Carbon<\/li>\n<li>Categor\u00eda de filtro: 2<\/li>\n<li>Agujero anti-vaho<\/li>\n<li>Gafas Made in Italy<\/li>\n<li>ZEISS Ri-Pel\u00ae<\/li>\n<li>A prueba de ara\u00f1azos<\/li>\n<li>Resistente al impacto<\/li>\n<li>Garant\u00eda de por vida<\/li>\n<li>Posibilidad de gradaci\u00f3n directa.<\/li>\n<li>C\u00f3digo de barras: # 8052740087027<\/li>\n<\/ul>\n<p>MULTISPORT &#8211; P-RIDE<br \/>\nNRC&#8217;s X SERIES line of sporting eyewear is designed with the real needs of our end users firmly in mind. The perfect blend of comprehensive and effective eye protection, comfort and design.<\/p>","protected":false},"excerpt":{"rendered":"<p>Gafas deportivas RX1.LIGHT con un dise\u00f1o moderno, fabricadas \u00edntegramente en Italia<br \/>\nEl alto est\u00e1ndar de las lentes ZEISS garantiza una visi\u00f3n clara y perfecta en cualquier condici\u00f3n de luz, lo que hace que estas gafas de sol sean adecuadas para actividades al aire libre.<\/p>","protected":false},"featured_media":11947,"template":"","meta":[],"product_brand":[],"product_cat":[695],"product_tag":[703],"class_list":{"0":"post-11946","1":"product","2":"type-product","3":"status-publish","4":"has-post-thumbnail","6":"product_cat-cycling-glasses","7":"product_tag-multisport","9":"first","10":"instock","11":"shipping-taxable","12":"purchasable","13":"product-type-simple"},"yoast_head":"<!-- This site is optimized with the Yoast SEO plugin v27.4 - https:\/\/yoast.com\/product\/yoast-seo-wordpress\/ -->\n<title>RX1.LIGHT - Halo Sports<\/title>\n<meta name=\"robots\" content=\"index, follow, max-snippet:-1, max-image-preview:large, max-video-preview:-1\" \/>\n<link rel=\"canonical\" href=\"https:\/\/www.halosports.co.uk\/es\/producto\/rx1-light\/\" \/>\n<meta property=\"og:locale\" content=\"es_ES\" \/>\n<meta property=\"og:type\" content=\"article\" \/>\n<meta property=\"og:title\" content=\"RX1.LIGHT - Halo Sports\" \/>\n<meta property=\"og:description\" content=\"RX1.LIGHT prescription sports glasses\u00a0with a modern design, 100% Made in Italy. The superior quality standards of ZEISS lenses ensure clear and flawless vision in all lighting conditions, making these sunglasses ideal for outdoor activities.\" \/>\n<meta property=\"og:url\" content=\"https:\/\/www.halosports.co.uk\/es\/producto\/rx1-light\/\" \/>\n<meta property=\"og:site_name\" content=\"Halo Sports\" \/>\n<meta property=\"article:modified_time\" content=\"2020-06-05T09:43:00+00:00\" \/>\n<meta property=\"og:image\" content=\"https:\/\/www.halosports.co.uk\/wp-content\/uploads\/2020\/05\/RX1-LIGHT-2.jpg\" \/>\n\t<meta property=\"og:image:width\" content=\"900\" \/>\n\t<meta property=\"og:image:height\" content=\"900\" \/>\n\t<meta property=\"og:image:type\" content=\"image\/jpeg\" \/>\n<meta name=\"twitter:card\" content=\"summary_large_image\" \/>\n<script type=\"application\/ld+json\" class=\"yoast-schema-graph\">{\"@context\":\"https:\\\/\\\/schema.org\",\"@graph\":[{\"@type\":\"WebPage\",\"@id\":\"https:\\\/\\\/www.halosports.co.uk\\\/product\\\/rx1-light\\\/\",\"url\":\"https:\\\/\\\/www.halosports.co.uk\\\/product\\\/rx1-light\\\/\",\"name\":\"RX1.LIGHT - Halo Sports\",\"isPartOf\":{\"@id\":\"https:\\\/\\\/www.halosports.co.uk\\\/es\\\/#website\"},\"primaryImageOfPage\":{\"@id\":\"https:\\\/\\\/www.halosports.co.uk\\\/product\\\/rx1-light\\\/#primaryimage\"},\"image\":{\"@id\":\"https:\\\/\\\/www.halosports.co.uk\\\/product\\\/rx1-light\\\/#primaryimage\"},\"thumbnailUrl\":\"https:\\\/\\\/www.halosports.co.uk\\\/wp-content\\\/uploads\\\/2020\\\/05\\\/RX1-LIGHT-2.jpg\",\"datePublished\":\"2020-05-27T10:41:08+00:00\",\"dateModified\":\"2020-06-05T09:43:00+00:00\",\"breadcrumb\":{\"@id\":\"https:\\\/\\\/www.halosports.co.uk\\\/product\\\/rx1-light\\\/#breadcrumb\"},\"inLanguage\":\"es\",\"potentialAction\":[{\"@type\":\"ReadAction\",\"target\":[\"https:\\\/\\\/www.halosports.co.uk\\\/product\\\/rx1-light\\\/\"]}]},{\"@type\":\"ImageObject\",\"inLanguage\":\"es\",\"@id\":\"https:\\\/\\\/www.halosports.co.uk\\\/product\\\/rx1-light\\\/#primaryimage\",\"url\":\"https:\\\/\\\/www.halosports.co.uk\\\/wp-content\\\/uploads\\\/2020\\\/05\\\/RX1-LIGHT-2.jpg\",\"contentUrl\":\"https:\\\/\\\/www.halosports.co.uk\\\/wp-content\\\/uploads\\\/2020\\\/05\\\/RX1-LIGHT-2.jpg\",\"width\":900,\"height\":900},{\"@type\":\"BreadcrumbList\",\"@id\":\"https:\\\/\\\/www.halosports.co.uk\\\/product\\\/rx1-light\\\/#breadcrumb\",\"itemListElement\":[{\"@type\":\"ListItem\",\"position\":1,\"name\":\"Home\",\"item\":\"https:\\\/\\\/www.halosports.co.uk\\\/\"},{\"@type\":\"ListItem\",\"position\":2,\"name\":\"Products\",\"item\":\"https:\\\/\\\/www.halosports.co.uk\\\/shop\\\/\"},{\"@type\":\"ListItem\",\"position\":3,\"name\":\"RX1.LIGHT\"}]},{\"@type\":\"WebSite\",\"@id\":\"https:\\\/\\\/www.halosports.co.uk\\\/es\\\/#website\",\"url\":\"https:\\\/\\\/www.halosports.co.uk\\\/es\\\/\",\"name\":\"Halo Sports\",\"description\":\"Cycling Helmets and Custom Sports Apparel\",\"publisher\":{\"@id\":\"https:\\\/\\\/www.halosports.co.uk\\\/es\\\/#organization\"},\"potentialAction\":[{\"@type\":\"SearchAction\",\"target\":{\"@type\":\"EntryPoint\",\"urlTemplate\":\"https:\\\/\\\/www.halosports.co.uk\\\/es\\\/?s={search_term_string}\"},\"query-input\":{\"@type\":\"PropertyValueSpecification\",\"valueRequired\":true,\"valueName\":\"search_term_string\"}}],\"inLanguage\":\"es\"},{\"@type\":\"Organization\",\"@id\":\"https:\\\/\\\/www.halosports.co.uk\\\/es\\\/#organization\",\"name\":\"Halo Sports Limited\",\"url\":\"https:\\\/\\\/www.halosports.co.uk\\\/es\\\/\",\"logo\":{\"@type\":\"ImageObject\",\"inLanguage\":\"es\",\"@id\":\"https:\\\/\\\/www.halosports.co.uk\\\/es\\\/#\\\/schema\\\/logo\\\/image\\\/\",\"url\":\"https:\\\/\\\/www.halosports.co.uk\\\/wp-content\\\/uploads\\\/2018\\\/11\\\/halo-bolder-logo-orange-voucher.png\",\"contentUrl\":\"https:\\\/\\\/www.halosports.co.uk\\\/wp-content\\\/uploads\\\/2018\\\/11\\\/halo-bolder-logo-orange-voucher.png\",\"width\":180,\"height\":35,\"caption\":\"Halo Sports Limited\"},\"image\":{\"@id\":\"https:\\\/\\\/www.halosports.co.uk\\\/es\\\/#\\\/schema\\\/logo\\\/image\\\/\"}}]}<\/script>\n<!-- \/ Yoast SEO plugin. -->","yoast_head_json":{"title":"RX1.LIGHT - Halo Sports","robots":{"index":"index","follow":"follow","max-snippet":"max-snippet:-1","max-image-preview":"max-image-preview:large","max-video-preview":"max-video-preview:-1"},"canonical":"https:\/\/www.halosports.co.uk\/es\/producto\/rx1-light\/","og_locale":"es_ES","og_type":"article","og_title":"RX1.LIGHT - Halo Sports","og_description":"RX1.LIGHT prescription sports glasses\u00a0with a modern design, 100% Made in Italy. The superior quality standards of ZEISS lenses ensure clear and flawless vision in all lighting conditions, making these sunglasses ideal for outdoor activities.","og_url":"https:\/\/www.halosports.co.uk\/es\/producto\/rx1-light\/","og_site_name":"Halo Sports","article_modified_time":"2020-06-05T09:43:00+00:00","og_image":[{"width":900,"height":900,"url":"https:\/\/www.halosports.co.uk\/wp-content\/uploads\/2020\/05\/RX1-LIGHT-2.jpg","type":"image\/jpeg"}],"twitter_card":"summary_large_image","schema":{"@context":"https:\/\/schema.org","@graph":[{"@type":"WebPage","@id":"https:\/\/www.halosports.co.uk\/product\/rx1-light\/","url":"https:\/\/www.halosports.co.uk\/product\/rx1-light\/","name":"RX1.LIGHT - Halo Sports","isPartOf":{"@id":"https:\/\/www.halosports.co.uk\/es\/#website"},"primaryImageOfPage":{"@id":"https:\/\/www.halosports.co.uk\/product\/rx1-light\/#primaryimage"},"image":{"@id":"https:\/\/www.halosports.co.uk\/product\/rx1-light\/#primaryimage"},"thumbnailUrl":"https:\/\/www.halosports.co.uk\/wp-content\/uploads\/2020\/05\/RX1-LIGHT-2.jpg","datePublished":"2020-05-27T10:41:08+00:00","dateModified":"2020-06-05T09:43:00+00:00","breadcrumb":{"@id":"https:\/\/www.halosports.co.uk\/product\/rx1-light\/#breadcrumb"},"inLanguage":"es","potentialAction":[{"@type":"ReadAction","target":["https:\/\/www.halosports.co.uk\/product\/rx1-light\/"]}]},{"@type":"ImageObject","inLanguage":"es","@id":"https:\/\/www.halosports.co.uk\/product\/rx1-light\/#primaryimage","url":"https:\/\/www.halosports.co.uk\/wp-content\/uploads\/2020\/05\/RX1-LIGHT-2.jpg","contentUrl":"https:\/\/www.halosports.co.uk\/wp-content\/uploads\/2020\/05\/RX1-LIGHT-2.jpg","width":900,"height":900},{"@type":"BreadcrumbList","@id":"https:\/\/www.halosports.co.uk\/product\/rx1-light\/#breadcrumb","itemListElement":[{"@type":"ListItem","position":1,"name":"Home","item":"https:\/\/www.halosports.co.uk\/"},{"@type":"ListItem","position":2,"name":"Products","item":"https:\/\/www.halosports.co.uk\/shop\/"},{"@type":"ListItem","position":3,"name":"RX1.LIGHT"}]},{"@type":"WebSite","@id":"https:\/\/www.halosports.co.uk\/es\/#website","url":"https:\/\/www.halosports.co.uk\/es\/","name":"Halo Sports","description":"Cycling Helmets and Custom Sports Apparel","publisher":{"@id":"https:\/\/www.halosports.co.uk\/es\/#organization"},"potentialAction":[{"@type":"SearchAction","target":{"@type":"EntryPoint","urlTemplate":"https:\/\/www.halosports.co.uk\/es\/?s={search_term_string}"},"query-input":{"@type":"PropertyValueSpecification","valueRequired":true,"valueName":"search_term_string"}}],"inLanguage":"es"},{"@type":"Organization","@id":"https:\/\/www.halosports.co.uk\/es\/#organization","name":"Halo Sports Limited","url":"https:\/\/www.halosports.co.uk\/es\/","logo":{"@type":"ImageObject","inLanguage":"es","@id":"https:\/\/www.halosports.co.uk\/es\/#\/schema\/logo\/image\/","url":"https:\/\/www.halosports.co.uk\/wp-content\/uploads\/2018\/11\/halo-bolder-logo-orange-voucher.png","contentUrl":"https:\/\/www.halosports.co.uk\/wp-content\/uploads\/2018\/11\/halo-bolder-logo-orange-voucher.png","width":180,"height":35,"caption":"Halo Sports Limited"},"image":{"@id":"https:\/\/www.halosports.co.uk\/es\/#\/schema\/logo\/image\/"}}]}},"_links":{"self":[{"href":"https:\/\/www.halosports.co.uk\/es\/wp-json\/wp\/v2\/product\/11946","targetHints":{"allow":["GET"]}}],"collection":[{"href":"https:\/\/www.halosports.co.uk\/es\/wp-json\/wp\/v2\/product"}],"about":[{"href":"https:\/\/www.halosports.co.uk\/es\/wp-json\/wp\/v2\/types\/product"}],"wp:featuredmedia":[{"embeddable":true,"href":"https:\/\/www.halosports.co.uk\/es\/wp-json\/wp\/v2\/media\/11947"}],"wp:attachment":[{"href":"https:\/\/www.halosports.co.uk\/es\/wp-json\/wp\/v2\/media?parent=11946"}],"wp:term":[{"taxonomy":"product_brand","embeddable":true,"href":"https:\/\/www.halosports.co.uk\/es\/wp-json\/wp\/v2\/product_brand?post=11946"},{"taxonomy":"product_cat","embeddable":true,"href":"https:\/\/www.halosports.co.uk\/es\/wp-json\/wp\/v2\/product_cat?post=11946"},{"taxonomy":"product_tag","embeddable":true,"href":"https:\/\/www.halosports.co.uk\/es\/wp-json\/wp\/v2\/product_tag?post=11946"}],"curies":[{"name":"wp","href":"https:\/\/api.w.org\/{rel}","templated":true}]}}