{"id":11951,"date":"2020-05-27T11:43:07","date_gmt":"2020-05-27T10:43:07","guid":{"rendered":"https:\/\/www.halosports.co.uk\/?post_type=product&#038;p=11951"},"modified":"2020-06-05T10:43:00","modified_gmt":"2020-06-05T09:43:00","slug":"p-ride-o-triathlon","status":"publish","type":"product","link":"https:\/\/www.halosports.co.uk\/es\/producto\/p-ride-o-triathlon\/","title":{"rendered":"P-RIDE.O-TRIATHLON"},"content":{"rendered":"<ul>\n<li>Cuadro: negro puro brillante<\/li>\n<li>Lente: HG High Contrast Orange Flat<\/li>\n<li>Categor\u00eda de filtro: 2<\/li>\n<li>Almohadillas de nariz ajustables<\/li>\n<li>A prueba de ara\u00f1azos<\/li>\n<li>oleof\u00f3bico<\/li>\n<li>Resistente al impacto<\/li>\n<li>C\u00f3digo de barras: # 8052740083845<\/li>\n<\/ul>\n<p>MULTISPORT &#8211; P-RIDE<br \/>\nLa l\u00ednea de gafas de sol P-RIDE combina todas las cualidades que todo deportista apasionado necesita: protecci\u00f3n profesional, comodidad visual y dise\u00f1o moderno<\/p>\n<p>LENTE CILINDRICA<br \/>\nGracias a sus colores vibrantes y reflectantes, las lentes cil\u00edndricas desarrolladas por NRC pueden mejorar la est\u00e9tica de las gafas de sol deportivas.  Ligero y con l\u00edneas limpias y esenciales: un equilibrio dise\u00f1ado para ofrecer la mejor comodidad para andar en bicicleta o correr.<\/p>","protected":false},"excerpt":{"rendered":"<p>Gafas de sol deportivas P-RIDE.O-TRIATHLON con montura negra y lente naranja.<br \/>\nLigero y c\u00f3modo de llevar gracias a la lente cil\u00edndrica esencial, es perfecto para garantizar un excelente rendimiento deportivo.<\/p>","protected":false},"featured_media":11952,"template":"","meta":[],"product_brand":[],"product_cat":[695],"product_tag":[703],"class_list":{"0":"post-11951","1":"product","2":"type-product","3":"status-publish","4":"has-post-thumbnail","6":"product_cat-cycling-glasses","7":"product_tag-multisport","9":"first","10":"instock","11":"shipping-taxable","12":"purchasable","13":"product-type-simple"},"yoast_head":"<!-- This site is optimized with the Yoast SEO plugin v27.4 - https:\/\/yoast.com\/product\/yoast-seo-wordpress\/ -->\n<title>P-RIDE.O-TRIATHLON - Halo Sports<\/title>\n<meta name=\"robots\" content=\"index, follow, max-snippet:-1, max-image-preview:large, max-video-preview:-1\" \/>\n<link rel=\"canonical\" href=\"https:\/\/www.halosports.co.uk\/es\/producto\/p-ride-o-triathlon\/\" \/>\n<meta property=\"og:locale\" content=\"es_ES\" \/>\n<meta property=\"og:type\" content=\"article\" \/>\n<meta property=\"og:title\" content=\"P-RIDE.O-TRIATHLON - Halo Sports\" \/>\n<meta property=\"og:description\" content=\"P-RIDE.O-TRIATHLON sports sunglasses with black frame and orange lens. Light and comfortable to wear thanks to the simple cylindrical lens, these sunglasses are the perfect way to guarantee optimum sporting performance when there isn&#039;t much light.\" \/>\n<meta property=\"og:url\" content=\"https:\/\/www.halosports.co.uk\/es\/producto\/p-ride-o-triathlon\/\" \/>\n<meta property=\"og:site_name\" content=\"Halo Sports\" \/>\n<meta property=\"article:modified_time\" content=\"2020-06-05T09:43:00+00:00\" \/>\n<meta property=\"og:image\" content=\"https:\/\/www.halosports.co.uk\/wp-content\/uploads\/2020\/05\/P-RIDE-O.TRIATHLON-2.jpg\" \/>\n\t<meta property=\"og:image:width\" content=\"900\" \/>\n\t<meta property=\"og:image:height\" content=\"900\" \/>\n\t<meta property=\"og:image:type\" content=\"image\/jpeg\" \/>\n<meta name=\"twitter:card\" content=\"summary_large_image\" \/>\n<script type=\"application\/ld+json\" class=\"yoast-schema-graph\">{\"@context\":\"https:\\\/\\\/schema.org\",\"@graph\":[{\"@type\":\"WebPage\",\"@id\":\"https:\\\/\\\/www.halosports.co.uk\\\/product\\\/p-ride-o-triathlon\\\/\",\"url\":\"https:\\\/\\\/www.halosports.co.uk\\\/product\\\/p-ride-o-triathlon\\\/\",\"name\":\"P-RIDE.O-TRIATHLON - Halo Sports\",\"isPartOf\":{\"@id\":\"https:\\\/\\\/www.halosports.co.uk\\\/es\\\/#website\"},\"primaryImageOfPage\":{\"@id\":\"https:\\\/\\\/www.halosports.co.uk\\\/product\\\/p-ride-o-triathlon\\\/#primaryimage\"},\"image\":{\"@id\":\"https:\\\/\\\/www.halosports.co.uk\\\/product\\\/p-ride-o-triathlon\\\/#primaryimage\"},\"thumbnailUrl\":\"https:\\\/\\\/www.halosports.co.uk\\\/wp-content\\\/uploads\\\/2020\\\/05\\\/P-RIDE-O.TRIATHLON-2.jpg\",\"datePublished\":\"2020-05-27T10:43:07+00:00\",\"dateModified\":\"2020-06-05T09:43:00+00:00\",\"breadcrumb\":{\"@id\":\"https:\\\/\\\/www.halosports.co.uk\\\/product\\\/p-ride-o-triathlon\\\/#breadcrumb\"},\"inLanguage\":\"es\",\"potentialAction\":[{\"@type\":\"ReadAction\",\"target\":[\"https:\\\/\\\/www.halosports.co.uk\\\/product\\\/p-ride-o-triathlon\\\/\"]}]},{\"@type\":\"ImageObject\",\"inLanguage\":\"es\",\"@id\":\"https:\\\/\\\/www.halosports.co.uk\\\/product\\\/p-ride-o-triathlon\\\/#primaryimage\",\"url\":\"https:\\\/\\\/www.halosports.co.uk\\\/wp-content\\\/uploads\\\/2020\\\/05\\\/P-RIDE-O.TRIATHLON-2.jpg\",\"contentUrl\":\"https:\\\/\\\/www.halosports.co.uk\\\/wp-content\\\/uploads\\\/2020\\\/05\\\/P-RIDE-O.TRIATHLON-2.jpg\",\"width\":900,\"height\":900},{\"@type\":\"BreadcrumbList\",\"@id\":\"https:\\\/\\\/www.halosports.co.uk\\\/product\\\/p-ride-o-triathlon\\\/#breadcrumb\",\"itemListElement\":[{\"@type\":\"ListItem\",\"position\":1,\"name\":\"Home\",\"item\":\"https:\\\/\\\/www.halosports.co.uk\\\/\"},{\"@type\":\"ListItem\",\"position\":2,\"name\":\"Products\",\"item\":\"https:\\\/\\\/www.halosports.co.uk\\\/shop\\\/\"},{\"@type\":\"ListItem\",\"position\":3,\"name\":\"P-RIDE.O-TRIATHLON\"}]},{\"@type\":\"WebSite\",\"@id\":\"https:\\\/\\\/www.halosports.co.uk\\\/es\\\/#website\",\"url\":\"https:\\\/\\\/www.halosports.co.uk\\\/es\\\/\",\"name\":\"Halo Sports\",\"description\":\"Cycling Helmets and Custom Sports Apparel\",\"publisher\":{\"@id\":\"https:\\\/\\\/www.halosports.co.uk\\\/es\\\/#organization\"},\"potentialAction\":[{\"@type\":\"SearchAction\",\"target\":{\"@type\":\"EntryPoint\",\"urlTemplate\":\"https:\\\/\\\/www.halosports.co.uk\\\/es\\\/?s={search_term_string}\"},\"query-input\":{\"@type\":\"PropertyValueSpecification\",\"valueRequired\":true,\"valueName\":\"search_term_string\"}}],\"inLanguage\":\"es\"},{\"@type\":\"Organization\",\"@id\":\"https:\\\/\\\/www.halosports.co.uk\\\/es\\\/#organization\",\"name\":\"Halo Sports Limited\",\"url\":\"https:\\\/\\\/www.halosports.co.uk\\\/es\\\/\",\"logo\":{\"@type\":\"ImageObject\",\"inLanguage\":\"es\",\"@id\":\"https:\\\/\\\/www.halosports.co.uk\\\/es\\\/#\\\/schema\\\/logo\\\/image\\\/\",\"url\":\"https:\\\/\\\/www.halosports.co.uk\\\/wp-content\\\/uploads\\\/2018\\\/11\\\/halo-bolder-logo-orange-voucher.png\",\"contentUrl\":\"https:\\\/\\\/www.halosports.co.uk\\\/wp-content\\\/uploads\\\/2018\\\/11\\\/halo-bolder-logo-orange-voucher.png\",\"width\":180,\"height\":35,\"caption\":\"Halo Sports Limited\"},\"image\":{\"@id\":\"https:\\\/\\\/www.halosports.co.uk\\\/es\\\/#\\\/schema\\\/logo\\\/image\\\/\"}}]}<\/script>\n<!-- \/ Yoast SEO plugin. -->","yoast_head_json":{"title":"P-RIDE.O-TRIATHLON - Halo Sports","robots":{"index":"index","follow":"follow","max-snippet":"max-snippet:-1","max-image-preview":"max-image-preview:large","max-video-preview":"max-video-preview:-1"},"canonical":"https:\/\/www.halosports.co.uk\/es\/producto\/p-ride-o-triathlon\/","og_locale":"es_ES","og_type":"article","og_title":"P-RIDE.O-TRIATHLON - Halo Sports","og_description":"P-RIDE.O-TRIATHLON sports sunglasses with black frame and orange lens. Light and comfortable to wear thanks to the simple cylindrical lens, these sunglasses are the perfect way to guarantee optimum sporting performance when there isn't much light.","og_url":"https:\/\/www.halosports.co.uk\/es\/producto\/p-ride-o-triathlon\/","og_site_name":"Halo Sports","article_modified_time":"2020-06-05T09:43:00+00:00","og_image":[{"width":900,"height":900,"url":"https:\/\/www.halosports.co.uk\/wp-content\/uploads\/2020\/05\/P-RIDE-O.TRIATHLON-2.jpg","type":"image\/jpeg"}],"twitter_card":"summary_large_image","schema":{"@context":"https:\/\/schema.org","@graph":[{"@type":"WebPage","@id":"https:\/\/www.halosports.co.uk\/product\/p-ride-o-triathlon\/","url":"https:\/\/www.halosports.co.uk\/product\/p-ride-o-triathlon\/","name":"P-RIDE.O-TRIATHLON - Halo Sports","isPartOf":{"@id":"https:\/\/www.halosports.co.uk\/es\/#website"},"primaryImageOfPage":{"@id":"https:\/\/www.halosports.co.uk\/product\/p-ride-o-triathlon\/#primaryimage"},"image":{"@id":"https:\/\/www.halosports.co.uk\/product\/p-ride-o-triathlon\/#primaryimage"},"thumbnailUrl":"https:\/\/www.halosports.co.uk\/wp-content\/uploads\/2020\/05\/P-RIDE-O.TRIATHLON-2.jpg","datePublished":"2020-05-27T10:43:07+00:00","dateModified":"2020-06-05T09:43:00+00:00","breadcrumb":{"@id":"https:\/\/www.halosports.co.uk\/product\/p-ride-o-triathlon\/#breadcrumb"},"inLanguage":"es","potentialAction":[{"@type":"ReadAction","target":["https:\/\/www.halosports.co.uk\/product\/p-ride-o-triathlon\/"]}]},{"@type":"ImageObject","inLanguage":"es","@id":"https:\/\/www.halosports.co.uk\/product\/p-ride-o-triathlon\/#primaryimage","url":"https:\/\/www.halosports.co.uk\/wp-content\/uploads\/2020\/05\/P-RIDE-O.TRIATHLON-2.jpg","contentUrl":"https:\/\/www.halosports.co.uk\/wp-content\/uploads\/2020\/05\/P-RIDE-O.TRIATHLON-2.jpg","width":900,"height":900},{"@type":"BreadcrumbList","@id":"https:\/\/www.halosports.co.uk\/product\/p-ride-o-triathlon\/#breadcrumb","itemListElement":[{"@type":"ListItem","position":1,"name":"Home","item":"https:\/\/www.halosports.co.uk\/"},{"@type":"ListItem","position":2,"name":"Products","item":"https:\/\/www.halosports.co.uk\/shop\/"},{"@type":"ListItem","position":3,"name":"P-RIDE.O-TRIATHLON"}]},{"@type":"WebSite","@id":"https:\/\/www.halosports.co.uk\/es\/#website","url":"https:\/\/www.halosports.co.uk\/es\/","name":"Halo Sports","description":"Cycling Helmets and Custom Sports Apparel","publisher":{"@id":"https:\/\/www.halosports.co.uk\/es\/#organization"},"potentialAction":[{"@type":"SearchAction","target":{"@type":"EntryPoint","urlTemplate":"https:\/\/www.halosports.co.uk\/es\/?s={search_term_string}"},"query-input":{"@type":"PropertyValueSpecification","valueRequired":true,"valueName":"search_term_string"}}],"inLanguage":"es"},{"@type":"Organization","@id":"https:\/\/www.halosports.co.uk\/es\/#organization","name":"Halo Sports Limited","url":"https:\/\/www.halosports.co.uk\/es\/","logo":{"@type":"ImageObject","inLanguage":"es","@id":"https:\/\/www.halosports.co.uk\/es\/#\/schema\/logo\/image\/","url":"https:\/\/www.halosports.co.uk\/wp-content\/uploads\/2018\/11\/halo-bolder-logo-orange-voucher.png","contentUrl":"https:\/\/www.halosports.co.uk\/wp-content\/uploads\/2018\/11\/halo-bolder-logo-orange-voucher.png","width":180,"height":35,"caption":"Halo Sports Limited"},"image":{"@id":"https:\/\/www.halosports.co.uk\/es\/#\/schema\/logo\/image\/"}}]}},"_links":{"self":[{"href":"https:\/\/www.halosports.co.uk\/es\/wp-json\/wp\/v2\/product\/11951","targetHints":{"allow":["GET"]}}],"collection":[{"href":"https:\/\/www.halosports.co.uk\/es\/wp-json\/wp\/v2\/product"}],"about":[{"href":"https:\/\/www.halosports.co.uk\/es\/wp-json\/wp\/v2\/types\/product"}],"wp:featuredmedia":[{"embeddable":true,"href":"https:\/\/www.halosports.co.uk\/es\/wp-json\/wp\/v2\/media\/11952"}],"wp:attachment":[{"href":"https:\/\/www.halosports.co.uk\/es\/wp-json\/wp\/v2\/media?parent=11951"}],"wp:term":[{"taxonomy":"product_brand","embeddable":true,"href":"https:\/\/www.halosports.co.uk\/es\/wp-json\/wp\/v2\/product_brand?post=11951"},{"taxonomy":"product_cat","embeddable":true,"href":"https:\/\/www.halosports.co.uk\/es\/wp-json\/wp\/v2\/product_cat?post=11951"},{"taxonomy":"product_tag","embeddable":true,"href":"https:\/\/www.halosports.co.uk\/es\/wp-json\/wp\/v2\/product_tag?post=11951"}],"curies":[{"name":"wp","href":"https:\/\/api.w.org\/{rel}","templated":true}]}}