{"id":11982,"date":"2020-06-01T12:50:42","date_gmt":"2020-06-01T11:50:42","guid":{"rendered":"https:\/\/www.halosports.co.uk\/?post_type=product&#038;p=11982"},"modified":"2024-12-03T00:01:22","modified_gmt":"2024-12-03T00:01:22","slug":"las-enigma-helmet","status":"publish","type":"product","link":"https:\/\/www.halosports.co.uk\/es\/producto\/las-enigma-helmet\/","title":{"rendered":"LAS Enigma helmet"},"content":{"rendered":"<p><strong>En carretera, sendero, desplazamientos y bicicleta el\u00e9ctrica<\/strong><\/p>\n<p>Perfil limpio y compacto. El casco inteligente que garantiza una perfecta ventilaci\u00f3n gracias a las numerosas aberturas. La luz LED de tres modos, colocada en la parte posterior del casco, garantizar\u00e1 la m\u00e1xima visibilidad desde atr\u00e1s.<\/p>\n<p>Especificaciones<\/p>\n<ul>\n<li>Tecnolog\u00eda de moldeo<\/li>\n<li>Ventilaci\u00f3n 24 agujeros<\/li>\n<li>Peso 250g (S \/ M) - 270g (L \/ XL)<\/li>\n<li>Tama\u00f1o: S \/ M (55-58cm) - L \/ XL (59cm - 61cm)<\/li>\n<li>Norma de seguridad: CE EN 1078<\/li>\n<li>Acolchado con red anti-insectos<\/li>\n<li>Sistema de ajustes con rueda microm\u00e9trica<\/li>\n<li>Correa suave y protector de barbilla<\/li>\n<li>Cuatro LED luz fija o modo intermitente<\/li>\n<li>Pico incluido<\/li>\n<\/ul>","protected":false},"excerpt":{"rendered":"<p>For Road, Path, Commuting &amp; Ebike Clean and compact profile. The smart helmet that guarantees perfect ventilation thanks to the numerous openings. The three mode LED light, positioned on the back of the helmet, will assure maximum visibility from behind. Specifications In-moulding technology Ventilation 24 holes Weight 250g (S\/M) \u2013 270g (L\/XL) Size: S\/M (55 [&hellip;]<\/p>","protected":false},"featured_media":12020,"template":"","meta":[],"product_brand":[],"product_cat":[48,580],"product_tag":[697],"class_list":{"0":"post-11982","1":"product","2":"type-product","3":"status-publish","4":"has-post-thumbnail","6":"product_cat-cycling-helmets","7":"product_cat-las-helmets","8":"product_tag-enigma","9":"pa_helmet-colour-light-blue-yellow","10":"pa_helmet-colour-black","11":"pa_helmet-colour-black-red","12":"pa_helmet-colour-white-blue","13":"pa_helmet-size-largexlarge","14":"pa_helmet-size-smallmedium","16":"first","17":"instock","18":"sale","19":"shipping-taxable","20":"purchasable","21":"product-type-variable","22":"has-default-attributes"},"yoast_head":"<!-- This site is optimized with the Yoast SEO plugin v27.4 - https:\/\/yoast.com\/product\/yoast-seo-wordpress\/ -->\n<title>LAS Enigma helmet - Halo Sports<\/title>\n<meta name=\"robots\" content=\"index, follow, max-snippet:-1, max-image-preview:large, max-video-preview:-1\" \/>\n<link rel=\"canonical\" href=\"https:\/\/www.halosports.co.uk\/es\/producto\/las-enigma-helmet\/\" \/>\n<meta property=\"og:locale\" content=\"es_ES\" \/>\n<meta property=\"og:type\" content=\"article\" \/>\n<meta property=\"og:title\" content=\"LAS Enigma helmet - Halo Sports\" \/>\n<meta property=\"og:description\" content=\"For Road, Path, Commuting &amp; Ebike Clean and compact profile. The smart helmet that guarantees perfect ventilation thanks to the numerous openings. The three mode LED light, positioned on the back of the helmet, will assure maximum visibility from behind. Specifications In-moulding technology Ventilation 24 holes Weight 250g (S\/M) \u2013 270g (L\/XL) Size: S\/M (55 [&hellip;]\" \/>\n<meta property=\"og:url\" content=\"https:\/\/www.halosports.co.uk\/es\/producto\/las-enigma-helmet\/\" \/>\n<meta property=\"og:site_name\" content=\"Halo Sports\" \/>\n<meta property=\"article:modified_time\" content=\"2024-12-03T00:01:22+00:00\" \/>\n<meta property=\"og:image\" content=\"https:\/\/www.halosports.co.uk\/wp-content\/uploads\/2020\/06\/Enigma-Blk_Red-D_M.jpg\" \/>\n\t<meta property=\"og:image:width\" content=\"800\" \/>\n\t<meta property=\"og:image:height\" content=\"800\" \/>\n\t<meta property=\"og:image:type\" content=\"image\/jpeg\" \/>\n<meta name=\"twitter:card\" content=\"summary_large_image\" \/>\n<meta name=\"twitter:label1\" content=\"Tiempo de lectura\" \/>\n\t<meta name=\"twitter:data1\" content=\"1 minuto\" \/>\n<script type=\"application\/ld+json\" class=\"yoast-schema-graph\">{\"@context\":\"https:\\\/\\\/schema.org\",\"@graph\":[{\"@type\":\"WebPage\",\"@id\":\"https:\\\/\\\/www.halosports.co.uk\\\/product\\\/las-enigma-helmet\\\/\",\"url\":\"https:\\\/\\\/www.halosports.co.uk\\\/product\\\/las-enigma-helmet\\\/\",\"name\":\"LAS Enigma helmet - Halo Sports\",\"isPartOf\":{\"@id\":\"https:\\\/\\\/www.halosports.co.uk\\\/es\\\/#website\"},\"primaryImageOfPage\":{\"@id\":\"https:\\\/\\\/www.halosports.co.uk\\\/product\\\/las-enigma-helmet\\\/#primaryimage\"},\"image\":{\"@id\":\"https:\\\/\\\/www.halosports.co.uk\\\/product\\\/las-enigma-helmet\\\/#primaryimage\"},\"thumbnailUrl\":\"https:\\\/\\\/www.halosports.co.uk\\\/wp-content\\\/uploads\\\/2020\\\/06\\\/Enigma-Blk_Red-D_M.jpg\",\"datePublished\":\"2020-06-01T11:50:42+00:00\",\"dateModified\":\"2024-12-03T00:01:22+00:00\",\"breadcrumb\":{\"@id\":\"https:\\\/\\\/www.halosports.co.uk\\\/product\\\/las-enigma-helmet\\\/#breadcrumb\"},\"inLanguage\":\"es\",\"potentialAction\":[{\"@type\":\"ReadAction\",\"target\":[\"https:\\\/\\\/www.halosports.co.uk\\\/product\\\/las-enigma-helmet\\\/\"]}]},{\"@type\":\"ImageObject\",\"inLanguage\":\"es\",\"@id\":\"https:\\\/\\\/www.halosports.co.uk\\\/product\\\/las-enigma-helmet\\\/#primaryimage\",\"url\":\"https:\\\/\\\/www.halosports.co.uk\\\/wp-content\\\/uploads\\\/2020\\\/06\\\/Enigma-Blk_Red-D_M.jpg\",\"contentUrl\":\"https:\\\/\\\/www.halosports.co.uk\\\/wp-content\\\/uploads\\\/2020\\\/06\\\/Enigma-Blk_Red-D_M.jpg\",\"width\":800,\"height\":800},{\"@type\":\"BreadcrumbList\",\"@id\":\"https:\\\/\\\/www.halosports.co.uk\\\/product\\\/las-enigma-helmet\\\/#breadcrumb\",\"itemListElement\":[{\"@type\":\"ListItem\",\"position\":1,\"name\":\"Home\",\"item\":\"https:\\\/\\\/www.halosports.co.uk\\\/\"},{\"@type\":\"ListItem\",\"position\":2,\"name\":\"Products\",\"item\":\"https:\\\/\\\/www.halosports.co.uk\\\/shop\\\/\"},{\"@type\":\"ListItem\",\"position\":3,\"name\":\"LAS Enigma helmet\"}]},{\"@type\":\"WebSite\",\"@id\":\"https:\\\/\\\/www.halosports.co.uk\\\/es\\\/#website\",\"url\":\"https:\\\/\\\/www.halosports.co.uk\\\/es\\\/\",\"name\":\"Halo Sports\",\"description\":\"Cycling Helmets and Custom Sports Apparel\",\"publisher\":{\"@id\":\"https:\\\/\\\/www.halosports.co.uk\\\/es\\\/#organization\"},\"potentialAction\":[{\"@type\":\"SearchAction\",\"target\":{\"@type\":\"EntryPoint\",\"urlTemplate\":\"https:\\\/\\\/www.halosports.co.uk\\\/es\\\/?s={search_term_string}\"},\"query-input\":{\"@type\":\"PropertyValueSpecification\",\"valueRequired\":true,\"valueName\":\"search_term_string\"}}],\"inLanguage\":\"es\"},{\"@type\":\"Organization\",\"@id\":\"https:\\\/\\\/www.halosports.co.uk\\\/es\\\/#organization\",\"name\":\"Halo Sports Limited\",\"url\":\"https:\\\/\\\/www.halosports.co.uk\\\/es\\\/\",\"logo\":{\"@type\":\"ImageObject\",\"inLanguage\":\"es\",\"@id\":\"https:\\\/\\\/www.halosports.co.uk\\\/es\\\/#\\\/schema\\\/logo\\\/image\\\/\",\"url\":\"https:\\\/\\\/www.halosports.co.uk\\\/wp-content\\\/uploads\\\/2018\\\/11\\\/halo-bolder-logo-orange-voucher.png\",\"contentUrl\":\"https:\\\/\\\/www.halosports.co.uk\\\/wp-content\\\/uploads\\\/2018\\\/11\\\/halo-bolder-logo-orange-voucher.png\",\"width\":180,\"height\":35,\"caption\":\"Halo Sports Limited\"},\"image\":{\"@id\":\"https:\\\/\\\/www.halosports.co.uk\\\/es\\\/#\\\/schema\\\/logo\\\/image\\\/\"}}]}<\/script>\n<!-- \/ Yoast SEO plugin. -->","yoast_head_json":{"title":"LAS Enigma helmet - Halo Sports","robots":{"index":"index","follow":"follow","max-snippet":"max-snippet:-1","max-image-preview":"max-image-preview:large","max-video-preview":"max-video-preview:-1"},"canonical":"https:\/\/www.halosports.co.uk\/es\/producto\/las-enigma-helmet\/","og_locale":"es_ES","og_type":"article","og_title":"LAS Enigma helmet - Halo Sports","og_description":"For Road, Path, Commuting &amp; Ebike Clean and compact profile. The smart helmet that guarantees perfect ventilation thanks to the numerous openings. The three mode LED light, positioned on the back of the helmet, will assure maximum visibility from behind. Specifications In-moulding technology Ventilation 24 holes Weight 250g (S\/M) \u2013 270g (L\/XL) Size: S\/M (55 [&hellip;]","og_url":"https:\/\/www.halosports.co.uk\/es\/producto\/las-enigma-helmet\/","og_site_name":"Halo Sports","article_modified_time":"2024-12-03T00:01:22+00:00","og_image":[{"width":800,"height":800,"url":"https:\/\/www.halosports.co.uk\/wp-content\/uploads\/2020\/06\/Enigma-Blk_Red-D_M.jpg","type":"image\/jpeg"}],"twitter_card":"summary_large_image","twitter_misc":{"Tiempo de lectura":"1 minuto"},"schema":{"@context":"https:\/\/schema.org","@graph":[{"@type":"WebPage","@id":"https:\/\/www.halosports.co.uk\/product\/las-enigma-helmet\/","url":"https:\/\/www.halosports.co.uk\/product\/las-enigma-helmet\/","name":"LAS Enigma helmet - Halo Sports","isPartOf":{"@id":"https:\/\/www.halosports.co.uk\/es\/#website"},"primaryImageOfPage":{"@id":"https:\/\/www.halosports.co.uk\/product\/las-enigma-helmet\/#primaryimage"},"image":{"@id":"https:\/\/www.halosports.co.uk\/product\/las-enigma-helmet\/#primaryimage"},"thumbnailUrl":"https:\/\/www.halosports.co.uk\/wp-content\/uploads\/2020\/06\/Enigma-Blk_Red-D_M.jpg","datePublished":"2020-06-01T11:50:42+00:00","dateModified":"2024-12-03T00:01:22+00:00","breadcrumb":{"@id":"https:\/\/www.halosports.co.uk\/product\/las-enigma-helmet\/#breadcrumb"},"inLanguage":"es","potentialAction":[{"@type":"ReadAction","target":["https:\/\/www.halosports.co.uk\/product\/las-enigma-helmet\/"]}]},{"@type":"ImageObject","inLanguage":"es","@id":"https:\/\/www.halosports.co.uk\/product\/las-enigma-helmet\/#primaryimage","url":"https:\/\/www.halosports.co.uk\/wp-content\/uploads\/2020\/06\/Enigma-Blk_Red-D_M.jpg","contentUrl":"https:\/\/www.halosports.co.uk\/wp-content\/uploads\/2020\/06\/Enigma-Blk_Red-D_M.jpg","width":800,"height":800},{"@type":"BreadcrumbList","@id":"https:\/\/www.halosports.co.uk\/product\/las-enigma-helmet\/#breadcrumb","itemListElement":[{"@type":"ListItem","position":1,"name":"Home","item":"https:\/\/www.halosports.co.uk\/"},{"@type":"ListItem","position":2,"name":"Products","item":"https:\/\/www.halosports.co.uk\/shop\/"},{"@type":"ListItem","position":3,"name":"LAS Enigma helmet"}]},{"@type":"WebSite","@id":"https:\/\/www.halosports.co.uk\/es\/#website","url":"https:\/\/www.halosports.co.uk\/es\/","name":"Halo Sports","description":"Cycling Helmets and Custom Sports Apparel","publisher":{"@id":"https:\/\/www.halosports.co.uk\/es\/#organization"},"potentialAction":[{"@type":"SearchAction","target":{"@type":"EntryPoint","urlTemplate":"https:\/\/www.halosports.co.uk\/es\/?s={search_term_string}"},"query-input":{"@type":"PropertyValueSpecification","valueRequired":true,"valueName":"search_term_string"}}],"inLanguage":"es"},{"@type":"Organization","@id":"https:\/\/www.halosports.co.uk\/es\/#organization","name":"Halo Sports Limited","url":"https:\/\/www.halosports.co.uk\/es\/","logo":{"@type":"ImageObject","inLanguage":"es","@id":"https:\/\/www.halosports.co.uk\/es\/#\/schema\/logo\/image\/","url":"https:\/\/www.halosports.co.uk\/wp-content\/uploads\/2018\/11\/halo-bolder-logo-orange-voucher.png","contentUrl":"https:\/\/www.halosports.co.uk\/wp-content\/uploads\/2018\/11\/halo-bolder-logo-orange-voucher.png","width":180,"height":35,"caption":"Halo Sports Limited"},"image":{"@id":"https:\/\/www.halosports.co.uk\/es\/#\/schema\/logo\/image\/"}}]}},"_links":{"self":[{"href":"https:\/\/www.halosports.co.uk\/es\/wp-json\/wp\/v2\/product\/11982","targetHints":{"allow":["GET"]}}],"collection":[{"href":"https:\/\/www.halosports.co.uk\/es\/wp-json\/wp\/v2\/product"}],"about":[{"href":"https:\/\/www.halosports.co.uk\/es\/wp-json\/wp\/v2\/types\/product"}],"wp:featuredmedia":[{"embeddable":true,"href":"https:\/\/www.halosports.co.uk\/es\/wp-json\/wp\/v2\/media\/12020"}],"wp:attachment":[{"href":"https:\/\/www.halosports.co.uk\/es\/wp-json\/wp\/v2\/media?parent=11982"}],"wp:term":[{"taxonomy":"product_brand","embeddable":true,"href":"https:\/\/www.halosports.co.uk\/es\/wp-json\/wp\/v2\/product_brand?post=11982"},{"taxonomy":"product_cat","embeddable":true,"href":"https:\/\/www.halosports.co.uk\/es\/wp-json\/wp\/v2\/product_cat?post=11982"},{"taxonomy":"product_tag","embeddable":true,"href":"https:\/\/www.halosports.co.uk\/es\/wp-json\/wp\/v2\/product_tag?post=11982"}],"curies":[{"name":"wp","href":"https:\/\/api.w.org\/{rel}","templated":true}]}}