{"id":11996,"date":"2020-06-01T13:17:29","date_gmt":"2020-06-01T12:17:29","guid":{"rendered":"https:\/\/www.halosports.co.uk\/?post_type=product&#038;p=11996"},"modified":"2024-12-03T00:01:22","modified_gmt":"2024-12-03T00:01:22","slug":"las-gravia-helmet","status":"publish","type":"product","link":"https:\/\/www.halosports.co.uk\/es\/producto\/las-gravia-helmet\/","title":{"rendered":"LAS Gravia helmet"},"content":{"rendered":"<p><strong>Para MTB, Endura, Path y EBike Road<\/strong><\/p>\n<p>Hemos dise\u00f1ado el casco apto para todas las disciplinas de monta\u00f1a \/ enduro.  Gravia es el casco accesible y vers\u00e1til que\n garantiza seguridad y comodidad en las rutas m\u00e1s exigentes.  Tus salidas E-BIKE te permiten llegar m\u00e1s lejos\n lejos, m\u00e1s r\u00e1pido y para explorar m\u00e1s caminos.  Con Gravia a\u00f1ades la m\u00e1xima seguridad a la tuya\n\u00bfConoces el anagrama de Gravia?<\/p>\n<p>Especificaciones<\/p>\n<ul>\n<li>Tecnolog\u00eda de moldeo<\/li>\n<li>Ventilaci\u00f3n 24 agujeros<\/li>\n<li>Peso 320 g (S \/ M) - 360 g (L \/ XL)<\/li>\n<li>Tama\u00f1o: S \/ M (55 - 58cm) - L \/ XL (58cm - 61cm)<\/li>\n<li>Norma de seguridad: CE EN 1078<\/li>\n<li>Acolchado con red anti-insectos<\/li>\n<li>Sistema de ajustes con rueda microm\u00e9trica<\/li>\n<li>Correa de tela y undergol<\/li>\n<\/ul>","protected":false},"excerpt":{"rendered":"<p>For MTB, Endure, Path &amp; Ebike Road We designed the helmet to be suitable for all mountain and enduro disciplines. Gravia is the accessible and versatile helmet that guarantees comfort and safety on the most demanding of routes. If using Ebike the Gravia will allow you to go further, faster and explore more tracks Specifications [&hellip;]<\/p>","protected":false},"featured_media":0,"template":"","meta":[],"product_brand":[],"product_cat":[48,580],"product_tag":[700],"class_list":{"0":"post-11996","1":"product","2":"type-product","3":"status-publish","5":"product_cat-cycling-helmets","6":"product_cat-las-helmets","7":"product_tag-gravia","8":"pa_helmet-colour-green-black","9":"pa_helmet-colour-grey-yellow","10":"pa_helmet-colour-black-red","11":"pa_helmet-colour-matt-black","12":"pa_helmet-size-largexlarge","13":"pa_helmet-size-smallmedium","15":"first","16":"instock","17":"sale","18":"shipping-taxable","19":"purchasable","20":"product-type-variable","21":"has-default-attributes"},"yoast_head":"<!-- This site is optimized with the Yoast SEO plugin v27.4 - https:\/\/yoast.com\/product\/yoast-seo-wordpress\/ -->\n<title>LAS Gravia helmet - Halo Sports<\/title>\n<meta name=\"robots\" content=\"index, follow, max-snippet:-1, max-image-preview:large, max-video-preview:-1\" \/>\n<link rel=\"canonical\" href=\"https:\/\/www.halosports.co.uk\/es\/producto\/las-gravia-helmet\/\" \/>\n<meta property=\"og:locale\" content=\"es_ES\" \/>\n<meta property=\"og:type\" content=\"article\" \/>\n<meta property=\"og:title\" content=\"LAS Gravia helmet - Halo Sports\" \/>\n<meta property=\"og:description\" content=\"For MTB, Endure, Path &amp; Ebike Road We designed the helmet to be suitable for all mountain and enduro disciplines. Gravia is the accessible and versatile helmet that guarantees comfort and safety on the most demanding of routes. If using Ebike the Gravia will allow you to go further, faster and explore more tracks Specifications [&hellip;]\" \/>\n<meta property=\"og:url\" content=\"https:\/\/www.halosports.co.uk\/es\/producto\/las-gravia-helmet\/\" \/>\n<meta property=\"og:site_name\" content=\"Halo Sports\" \/>\n<meta property=\"article:modified_time\" content=\"2024-12-03T00:01:22+00:00\" \/>\n<meta name=\"twitter:card\" content=\"summary_large_image\" \/>\n<meta name=\"twitter:label1\" content=\"Tiempo de lectura\" \/>\n\t<meta name=\"twitter:data1\" content=\"1 minuto\" \/>\n<script type=\"application\/ld+json\" class=\"yoast-schema-graph\">{\"@context\":\"https:\\\/\\\/schema.org\",\"@graph\":[{\"@type\":\"WebPage\",\"@id\":\"https:\\\/\\\/www.halosports.co.uk\\\/product\\\/las-gravia-helmet\\\/\",\"url\":\"https:\\\/\\\/www.halosports.co.uk\\\/product\\\/las-gravia-helmet\\\/\",\"name\":\"LAS Gravia helmet - Halo Sports\",\"isPartOf\":{\"@id\":\"https:\\\/\\\/www.halosports.co.uk\\\/es\\\/#website\"},\"datePublished\":\"2020-06-01T12:17:29+00:00\",\"dateModified\":\"2024-12-03T00:01:22+00:00\",\"breadcrumb\":{\"@id\":\"https:\\\/\\\/www.halosports.co.uk\\\/product\\\/las-gravia-helmet\\\/#breadcrumb\"},\"inLanguage\":\"es\",\"potentialAction\":[{\"@type\":\"ReadAction\",\"target\":[\"https:\\\/\\\/www.halosports.co.uk\\\/product\\\/las-gravia-helmet\\\/\"]}]},{\"@type\":\"BreadcrumbList\",\"@id\":\"https:\\\/\\\/www.halosports.co.uk\\\/product\\\/las-gravia-helmet\\\/#breadcrumb\",\"itemListElement\":[{\"@type\":\"ListItem\",\"position\":1,\"name\":\"Home\",\"item\":\"https:\\\/\\\/www.halosports.co.uk\\\/\"},{\"@type\":\"ListItem\",\"position\":2,\"name\":\"Products\",\"item\":\"https:\\\/\\\/www.halosports.co.uk\\\/shop\\\/\"},{\"@type\":\"ListItem\",\"position\":3,\"name\":\"LAS Gravia helmet\"}]},{\"@type\":\"WebSite\",\"@id\":\"https:\\\/\\\/www.halosports.co.uk\\\/es\\\/#website\",\"url\":\"https:\\\/\\\/www.halosports.co.uk\\\/es\\\/\",\"name\":\"Halo Sports\",\"description\":\"Cycling Helmets and Custom Sports Apparel\",\"publisher\":{\"@id\":\"https:\\\/\\\/www.halosports.co.uk\\\/es\\\/#organization\"},\"potentialAction\":[{\"@type\":\"SearchAction\",\"target\":{\"@type\":\"EntryPoint\",\"urlTemplate\":\"https:\\\/\\\/www.halosports.co.uk\\\/es\\\/?s={search_term_string}\"},\"query-input\":{\"@type\":\"PropertyValueSpecification\",\"valueRequired\":true,\"valueName\":\"search_term_string\"}}],\"inLanguage\":\"es\"},{\"@type\":\"Organization\",\"@id\":\"https:\\\/\\\/www.halosports.co.uk\\\/es\\\/#organization\",\"name\":\"Halo Sports Limited\",\"url\":\"https:\\\/\\\/www.halosports.co.uk\\\/es\\\/\",\"logo\":{\"@type\":\"ImageObject\",\"inLanguage\":\"es\",\"@id\":\"https:\\\/\\\/www.halosports.co.uk\\\/es\\\/#\\\/schema\\\/logo\\\/image\\\/\",\"url\":\"https:\\\/\\\/www.halosports.co.uk\\\/wp-content\\\/uploads\\\/2018\\\/11\\\/halo-bolder-logo-orange-voucher.png\",\"contentUrl\":\"https:\\\/\\\/www.halosports.co.uk\\\/wp-content\\\/uploads\\\/2018\\\/11\\\/halo-bolder-logo-orange-voucher.png\",\"width\":180,\"height\":35,\"caption\":\"Halo Sports Limited\"},\"image\":{\"@id\":\"https:\\\/\\\/www.halosports.co.uk\\\/es\\\/#\\\/schema\\\/logo\\\/image\\\/\"}}]}<\/script>\n<!-- \/ Yoast SEO plugin. -->","yoast_head_json":{"title":"LAS Gravia helmet - Halo Sports","robots":{"index":"index","follow":"follow","max-snippet":"max-snippet:-1","max-image-preview":"max-image-preview:large","max-video-preview":"max-video-preview:-1"},"canonical":"https:\/\/www.halosports.co.uk\/es\/producto\/las-gravia-helmet\/","og_locale":"es_ES","og_type":"article","og_title":"LAS Gravia helmet - Halo Sports","og_description":"For MTB, Endure, Path &amp; Ebike Road We designed the helmet to be suitable for all mountain and enduro disciplines. Gravia is the accessible and versatile helmet that guarantees comfort and safety on the most demanding of routes. If using Ebike the Gravia will allow you to go further, faster and explore more tracks Specifications [&hellip;]","og_url":"https:\/\/www.halosports.co.uk\/es\/producto\/las-gravia-helmet\/","og_site_name":"Halo Sports","article_modified_time":"2024-12-03T00:01:22+00:00","twitter_card":"summary_large_image","twitter_misc":{"Tiempo de lectura":"1 minuto"},"schema":{"@context":"https:\/\/schema.org","@graph":[{"@type":"WebPage","@id":"https:\/\/www.halosports.co.uk\/product\/las-gravia-helmet\/","url":"https:\/\/www.halosports.co.uk\/product\/las-gravia-helmet\/","name":"LAS Gravia helmet - Halo Sports","isPartOf":{"@id":"https:\/\/www.halosports.co.uk\/es\/#website"},"datePublished":"2020-06-01T12:17:29+00:00","dateModified":"2024-12-03T00:01:22+00:00","breadcrumb":{"@id":"https:\/\/www.halosports.co.uk\/product\/las-gravia-helmet\/#breadcrumb"},"inLanguage":"es","potentialAction":[{"@type":"ReadAction","target":["https:\/\/www.halosports.co.uk\/product\/las-gravia-helmet\/"]}]},{"@type":"BreadcrumbList","@id":"https:\/\/www.halosports.co.uk\/product\/las-gravia-helmet\/#breadcrumb","itemListElement":[{"@type":"ListItem","position":1,"name":"Home","item":"https:\/\/www.halosports.co.uk\/"},{"@type":"ListItem","position":2,"name":"Products","item":"https:\/\/www.halosports.co.uk\/shop\/"},{"@type":"ListItem","position":3,"name":"LAS Gravia helmet"}]},{"@type":"WebSite","@id":"https:\/\/www.halosports.co.uk\/es\/#website","url":"https:\/\/www.halosports.co.uk\/es\/","name":"Halo Sports","description":"Cycling Helmets and Custom Sports Apparel","publisher":{"@id":"https:\/\/www.halosports.co.uk\/es\/#organization"},"potentialAction":[{"@type":"SearchAction","target":{"@type":"EntryPoint","urlTemplate":"https:\/\/www.halosports.co.uk\/es\/?s={search_term_string}"},"query-input":{"@type":"PropertyValueSpecification","valueRequired":true,"valueName":"search_term_string"}}],"inLanguage":"es"},{"@type":"Organization","@id":"https:\/\/www.halosports.co.uk\/es\/#organization","name":"Halo Sports Limited","url":"https:\/\/www.halosports.co.uk\/es\/","logo":{"@type":"ImageObject","inLanguage":"es","@id":"https:\/\/www.halosports.co.uk\/es\/#\/schema\/logo\/image\/","url":"https:\/\/www.halosports.co.uk\/wp-content\/uploads\/2018\/11\/halo-bolder-logo-orange-voucher.png","contentUrl":"https:\/\/www.halosports.co.uk\/wp-content\/uploads\/2018\/11\/halo-bolder-logo-orange-voucher.png","width":180,"height":35,"caption":"Halo Sports Limited"},"image":{"@id":"https:\/\/www.halosports.co.uk\/es\/#\/schema\/logo\/image\/"}}]}},"_links":{"self":[{"href":"https:\/\/www.halosports.co.uk\/es\/wp-json\/wp\/v2\/product\/11996","targetHints":{"allow":["GET"]}}],"collection":[{"href":"https:\/\/www.halosports.co.uk\/es\/wp-json\/wp\/v2\/product"}],"about":[{"href":"https:\/\/www.halosports.co.uk\/es\/wp-json\/wp\/v2\/types\/product"}],"wp:attachment":[{"href":"https:\/\/www.halosports.co.uk\/es\/wp-json\/wp\/v2\/media?parent=11996"}],"wp:term":[{"taxonomy":"product_brand","embeddable":true,"href":"https:\/\/www.halosports.co.uk\/es\/wp-json\/wp\/v2\/product_brand?post=11996"},{"taxonomy":"product_cat","embeddable":true,"href":"https:\/\/www.halosports.co.uk\/es\/wp-json\/wp\/v2\/product_cat?post=11996"},{"taxonomy":"product_tag","embeddable":true,"href":"https:\/\/www.halosports.co.uk\/es\/wp-json\/wp\/v2\/product_tag?post=11996"}],"curies":[{"name":"wp","href":"https:\/\/api.w.org\/{rel}","templated":true}]}}