{"id":5049,"date":"2017-10-30T17:30:10","date_gmt":"2017-10-30T17:30:10","guid":{"rendered":"https:\/\/www.halosports.co.uk\/?post_type=product&#038;p=5049"},"modified":"2025-03-17T12:38:58","modified_gmt":"2025-03-17T12:38:58","slug":"las-cobalto-helmet","status":"publish","type":"product","link":"https:\/\/www.halosports.co.uk\/es\/producto\/las-cobalto-helmet\/","title":{"rendered":"LAS Cobalto helmet"},"content":{"rendered":"<p><strong>Para carretera<\/strong><\/p>\n<p>Dise\u00f1o limpio y compacto, dise\u00f1ado para minimizar vol\u00famenes; es un casco de carretera ligero y vers\u00e1til gracias a su equilibrio\nentre l\u00edneas aerodin\u00e1micas y perfecta ventilaci\u00f3n.<\/p>\n<p>Especificaciones<\/p>\n<ul>\n<li>Tecnolog\u00eda de moldeo<\/li>\n<li>Ventilaci\u00f3n 20 agujeros<\/li>\n<li>Peso 215 g (S \/ M) - 260 g (L \/ XL)<\/li>\n<li>Size: S\/M (54 \u2013 59cm) \u2013 L\/XL (57cm \u2013 61cm)<\/li>\n<li>Acolchado con tratamiento Interpower y mosquitera<\/li>\n<li>-Sistema de ajuste nano 3d con rueda microm\u00e9trica<\/li>\n<li>Correa de tela y undergol<\/li>\n<li>LDHR Technology<\/li>\n<\/ul>","protected":false},"excerpt":{"rendered":"<p>Dise\u00f1o limpio y compacto, dise\u00f1ado para minimizar vol\u00famenes; es un casco de carretera ligero y vers\u00e1til gracias a su equilibrio\nentre l\u00edneas aerodin\u00e1micas y perfecta ventilaci\u00f3n.<\/p>","protected":false},"featured_media":7606,"template":"","meta":[],"product_brand":[],"product_cat":[48,580],"product_tag":[629],"class_list":{"0":"post-5049","1":"product","2":"type-product","3":"status-publish","4":"has-post-thumbnail","6":"product_cat-cycling-helmets","7":"product_cat-las-helmets","8":"product_tag-cobalto","9":"product_shipping_class-worldwide","10":"pa_helmet-colour-grey-light-blue","11":"pa_helmet-colour-matt-black-fluo-yellow","12":"pa_helmet-colour-matt-grey-red","13":"pa_helmet-colour-red-white","14":"pa_helmet-colour-white","15":"pa_helmet-colour-black-fluo-pink","16":"pa_helmet-colour-black-orange","17":"pa_helmet-colour-black-red","18":"pa_helmet-colour-italy","19":"pa_helmet-colour-matt-black","20":"pa_helmet-colour-white-black","21":"pa_helmet-colour-white-fluo-green","22":"pa_helmet-colour-white-red","23":"pa_helmet-size-largexlarge","24":"pa_helmet-size-smallmedium","26":"first","27":"instock","28":"sale","29":"shipping-taxable","30":"purchasable","31":"product-type-variable"},"yoast_head":"<!-- This site is optimized with the Yoast SEO plugin v27.4 - https:\/\/yoast.com\/product\/yoast-seo-wordpress\/ -->\n<title>LAS Cobalto helmet - Halo Sports<\/title>\n<meta name=\"robots\" content=\"index, follow, max-snippet:-1, max-image-preview:large, max-video-preview:-1\" \/>\n<link rel=\"canonical\" href=\"https:\/\/www.halosports.co.uk\/es\/producto\/las-cobalto-helmet\/\" \/>\n<meta property=\"og:locale\" content=\"es_ES\" \/>\n<meta property=\"og:type\" content=\"article\" \/>\n<meta property=\"og:title\" content=\"LAS Cobalto helmet - Halo Sports\" \/>\n<meta property=\"og:description\" content=\"Compact with a unique design. Numerous frontal holes allow a fast internal air flow. Perfect fit with the new size adjuster Nano 3D, light weight, integrated with the strap\" \/>\n<meta property=\"og:url\" content=\"https:\/\/www.halosports.co.uk\/es\/producto\/las-cobalto-helmet\/\" \/>\n<meta property=\"og:site_name\" content=\"Halo Sports\" \/>\n<meta property=\"article:modified_time\" content=\"2025-03-17T12:38:58+00:00\" \/>\n<meta property=\"og:image\" content=\"https:\/\/www.halosports.co.uk\/wp-content\/uploads\/2017\/10\/LASL0018001-TR.jpg\" \/>\n\t<meta property=\"og:image:width\" content=\"600\" \/>\n\t<meta property=\"og:image:height\" content=\"600\" \/>\n\t<meta property=\"og:image:type\" content=\"image\/jpeg\" \/>\n<meta name=\"twitter:card\" content=\"summary_large_image\" \/>\n<meta name=\"twitter:label1\" content=\"Tiempo de lectura\" \/>\n\t<meta name=\"twitter:data1\" content=\"1 minuto\" \/>\n<script type=\"application\/ld+json\" class=\"yoast-schema-graph\">{\"@context\":\"https:\\\/\\\/schema.org\",\"@graph\":[{\"@type\":\"WebPage\",\"@id\":\"https:\\\/\\\/www.halosports.co.uk\\\/product\\\/las-cobalto-helmet\\\/\",\"url\":\"https:\\\/\\\/www.halosports.co.uk\\\/product\\\/las-cobalto-helmet\\\/\",\"name\":\"LAS Cobalto helmet - Halo Sports\",\"isPartOf\":{\"@id\":\"https:\\\/\\\/www.halosports.co.uk\\\/es\\\/#website\"},\"primaryImageOfPage\":{\"@id\":\"https:\\\/\\\/www.halosports.co.uk\\\/product\\\/las-cobalto-helmet\\\/#primaryimage\"},\"image\":{\"@id\":\"https:\\\/\\\/www.halosports.co.uk\\\/product\\\/las-cobalto-helmet\\\/#primaryimage\"},\"thumbnailUrl\":\"https:\\\/\\\/www.halosports.co.uk\\\/wp-content\\\/uploads\\\/2017\\\/10\\\/LASL0018001-TR.jpg\",\"datePublished\":\"2017-10-30T17:30:10+00:00\",\"dateModified\":\"2025-03-17T12:38:58+00:00\",\"breadcrumb\":{\"@id\":\"https:\\\/\\\/www.halosports.co.uk\\\/product\\\/las-cobalto-helmet\\\/#breadcrumb\"},\"inLanguage\":\"es\",\"potentialAction\":[{\"@type\":\"ReadAction\",\"target\":[\"https:\\\/\\\/www.halosports.co.uk\\\/product\\\/las-cobalto-helmet\\\/\"]}]},{\"@type\":\"ImageObject\",\"inLanguage\":\"es\",\"@id\":\"https:\\\/\\\/www.halosports.co.uk\\\/product\\\/las-cobalto-helmet\\\/#primaryimage\",\"url\":\"https:\\\/\\\/www.halosports.co.uk\\\/wp-content\\\/uploads\\\/2017\\\/10\\\/LASL0018001-TR.jpg\",\"contentUrl\":\"https:\\\/\\\/www.halosports.co.uk\\\/wp-content\\\/uploads\\\/2017\\\/10\\\/LASL0018001-TR.jpg\",\"width\":600,\"height\":600},{\"@type\":\"BreadcrumbList\",\"@id\":\"https:\\\/\\\/www.halosports.co.uk\\\/product\\\/las-cobalto-helmet\\\/#breadcrumb\",\"itemListElement\":[{\"@type\":\"ListItem\",\"position\":1,\"name\":\"Home\",\"item\":\"https:\\\/\\\/www.halosports.co.uk\\\/\"},{\"@type\":\"ListItem\",\"position\":2,\"name\":\"Products\",\"item\":\"https:\\\/\\\/www.halosports.co.uk\\\/shop\\\/\"},{\"@type\":\"ListItem\",\"position\":3,\"name\":\"LAS Cobalto helmet\"}]},{\"@type\":\"WebSite\",\"@id\":\"https:\\\/\\\/www.halosports.co.uk\\\/es\\\/#website\",\"url\":\"https:\\\/\\\/www.halosports.co.uk\\\/es\\\/\",\"name\":\"Halo Sports\",\"description\":\"Cycling Helmets and Custom Sports Apparel\",\"publisher\":{\"@id\":\"https:\\\/\\\/www.halosports.co.uk\\\/es\\\/#organization\"},\"potentialAction\":[{\"@type\":\"SearchAction\",\"target\":{\"@type\":\"EntryPoint\",\"urlTemplate\":\"https:\\\/\\\/www.halosports.co.uk\\\/es\\\/?s={search_term_string}\"},\"query-input\":{\"@type\":\"PropertyValueSpecification\",\"valueRequired\":true,\"valueName\":\"search_term_string\"}}],\"inLanguage\":\"es\"},{\"@type\":\"Organization\",\"@id\":\"https:\\\/\\\/www.halosports.co.uk\\\/es\\\/#organization\",\"name\":\"Halo Sports Limited\",\"url\":\"https:\\\/\\\/www.halosports.co.uk\\\/es\\\/\",\"logo\":{\"@type\":\"ImageObject\",\"inLanguage\":\"es\",\"@id\":\"https:\\\/\\\/www.halosports.co.uk\\\/es\\\/#\\\/schema\\\/logo\\\/image\\\/\",\"url\":\"https:\\\/\\\/www.halosports.co.uk\\\/wp-content\\\/uploads\\\/2018\\\/11\\\/halo-bolder-logo-orange-voucher.png\",\"contentUrl\":\"https:\\\/\\\/www.halosports.co.uk\\\/wp-content\\\/uploads\\\/2018\\\/11\\\/halo-bolder-logo-orange-voucher.png\",\"width\":180,\"height\":35,\"caption\":\"Halo Sports Limited\"},\"image\":{\"@id\":\"https:\\\/\\\/www.halosports.co.uk\\\/es\\\/#\\\/schema\\\/logo\\\/image\\\/\"}}]}<\/script>\n<!-- \/ Yoast SEO plugin. -->","yoast_head_json":{"title":"LAS Cobalto helmet - Halo Sports","robots":{"index":"index","follow":"follow","max-snippet":"max-snippet:-1","max-image-preview":"max-image-preview:large","max-video-preview":"max-video-preview:-1"},"canonical":"https:\/\/www.halosports.co.uk\/es\/producto\/las-cobalto-helmet\/","og_locale":"es_ES","og_type":"article","og_title":"LAS Cobalto helmet - Halo Sports","og_description":"Compact with a unique design. Numerous frontal holes allow a fast internal air flow. Perfect fit with the new size adjuster Nano 3D, light weight, integrated with the strap","og_url":"https:\/\/www.halosports.co.uk\/es\/producto\/las-cobalto-helmet\/","og_site_name":"Halo Sports","article_modified_time":"2025-03-17T12:38:58+00:00","og_image":[{"width":600,"height":600,"url":"https:\/\/www.halosports.co.uk\/wp-content\/uploads\/2017\/10\/LASL0018001-TR.jpg","type":"image\/jpeg"}],"twitter_card":"summary_large_image","twitter_misc":{"Tiempo de lectura":"1 minuto"},"schema":{"@context":"https:\/\/schema.org","@graph":[{"@type":"WebPage","@id":"https:\/\/www.halosports.co.uk\/product\/las-cobalto-helmet\/","url":"https:\/\/www.halosports.co.uk\/product\/las-cobalto-helmet\/","name":"LAS Cobalto helmet - Halo Sports","isPartOf":{"@id":"https:\/\/www.halosports.co.uk\/es\/#website"},"primaryImageOfPage":{"@id":"https:\/\/www.halosports.co.uk\/product\/las-cobalto-helmet\/#primaryimage"},"image":{"@id":"https:\/\/www.halosports.co.uk\/product\/las-cobalto-helmet\/#primaryimage"},"thumbnailUrl":"https:\/\/www.halosports.co.uk\/wp-content\/uploads\/2017\/10\/LASL0018001-TR.jpg","datePublished":"2017-10-30T17:30:10+00:00","dateModified":"2025-03-17T12:38:58+00:00","breadcrumb":{"@id":"https:\/\/www.halosports.co.uk\/product\/las-cobalto-helmet\/#breadcrumb"},"inLanguage":"es","potentialAction":[{"@type":"ReadAction","target":["https:\/\/www.halosports.co.uk\/product\/las-cobalto-helmet\/"]}]},{"@type":"ImageObject","inLanguage":"es","@id":"https:\/\/www.halosports.co.uk\/product\/las-cobalto-helmet\/#primaryimage","url":"https:\/\/www.halosports.co.uk\/wp-content\/uploads\/2017\/10\/LASL0018001-TR.jpg","contentUrl":"https:\/\/www.halosports.co.uk\/wp-content\/uploads\/2017\/10\/LASL0018001-TR.jpg","width":600,"height":600},{"@type":"BreadcrumbList","@id":"https:\/\/www.halosports.co.uk\/product\/las-cobalto-helmet\/#breadcrumb","itemListElement":[{"@type":"ListItem","position":1,"name":"Home","item":"https:\/\/www.halosports.co.uk\/"},{"@type":"ListItem","position":2,"name":"Products","item":"https:\/\/www.halosports.co.uk\/shop\/"},{"@type":"ListItem","position":3,"name":"LAS Cobalto helmet"}]},{"@type":"WebSite","@id":"https:\/\/www.halosports.co.uk\/es\/#website","url":"https:\/\/www.halosports.co.uk\/es\/","name":"Halo Sports","description":"Cycling Helmets and Custom Sports Apparel","publisher":{"@id":"https:\/\/www.halosports.co.uk\/es\/#organization"},"potentialAction":[{"@type":"SearchAction","target":{"@type":"EntryPoint","urlTemplate":"https:\/\/www.halosports.co.uk\/es\/?s={search_term_string}"},"query-input":{"@type":"PropertyValueSpecification","valueRequired":true,"valueName":"search_term_string"}}],"inLanguage":"es"},{"@type":"Organization","@id":"https:\/\/www.halosports.co.uk\/es\/#organization","name":"Halo Sports Limited","url":"https:\/\/www.halosports.co.uk\/es\/","logo":{"@type":"ImageObject","inLanguage":"es","@id":"https:\/\/www.halosports.co.uk\/es\/#\/schema\/logo\/image\/","url":"https:\/\/www.halosports.co.uk\/wp-content\/uploads\/2018\/11\/halo-bolder-logo-orange-voucher.png","contentUrl":"https:\/\/www.halosports.co.uk\/wp-content\/uploads\/2018\/11\/halo-bolder-logo-orange-voucher.png","width":180,"height":35,"caption":"Halo Sports Limited"},"image":{"@id":"https:\/\/www.halosports.co.uk\/es\/#\/schema\/logo\/image\/"}}]}},"_links":{"self":[{"href":"https:\/\/www.halosports.co.uk\/es\/wp-json\/wp\/v2\/product\/5049","targetHints":{"allow":["GET"]}}],"collection":[{"href":"https:\/\/www.halosports.co.uk\/es\/wp-json\/wp\/v2\/product"}],"about":[{"href":"https:\/\/www.halosports.co.uk\/es\/wp-json\/wp\/v2\/types\/product"}],"wp:featuredmedia":[{"embeddable":true,"href":"https:\/\/www.halosports.co.uk\/es\/wp-json\/wp\/v2\/media\/7606"}],"wp:attachment":[{"href":"https:\/\/www.halosports.co.uk\/es\/wp-json\/wp\/v2\/media?parent=5049"}],"wp:term":[{"taxonomy":"product_brand","embeddable":true,"href":"https:\/\/www.halosports.co.uk\/es\/wp-json\/wp\/v2\/product_brand?post=5049"},{"taxonomy":"product_cat","embeddable":true,"href":"https:\/\/www.halosports.co.uk\/es\/wp-json\/wp\/v2\/product_cat?post=5049"},{"taxonomy":"product_tag","embeddable":true,"href":"https:\/\/www.halosports.co.uk\/es\/wp-json\/wp\/v2\/product_tag?post=5049"}],"curies":[{"name":"wp","href":"https:\/\/api.w.org\/{rel}","templated":true}]}}