{"id":9427,"date":"2019-05-01T00:42:36","date_gmt":"2019-04-30T23:42:36","guid":{"rendered":"https:\/\/www.halosports.co.uk\/?post_type=product&#038;p=9427"},"modified":"2025-05-27T18:46:18","modified_gmt":"2025-05-27T17:46:18","slug":"virtus-carbon","status":"publish","type":"product","link":"https:\/\/www.halosports.co.uk\/es\/producto\/virtus-carbon\/","title":{"rendered":"Virtus Carbon"},"content":{"rendered":"<p><strong>Para ciclistas deportivos y de carreras<\/strong><\/p>\n<p>El resultado de m\u00e1s de dos a\u00f1os de investigaci\u00f3n y desarrollo. Virtus Carbon es el casco que combina el m\u00e1s alto nivel de seguridad y comodidad gracias al marco de fibra de carbono reforzado. Un material de alta calidad que garantiza un rendimiento de vanguardia en t\u00e9rminos de resistencia al impacto y reducci\u00f3n de peso, para proporcionar una sensaci\u00f3n incre\u00edble y una experiencia de uso completamente nueva.<\/p>\n<p>Especificaciones<\/p>\n<ul>\n<li>- Tecnolog\u00eda de moldeado y marco de fibra de carbono<\/li>\n<li>-Ventilaci\u00f3n 22 agujeros<\/li>\n<li>-Peso 255 g (S \/ M) - 269 g (L \/ XL)<\/li>\n<li>Tama\u00f1o: S \/ M (54 - 59cm) - L \/ XL (59cm - 61cm<\/li>\n<li>Norma de seguridad: CE EN 1078<\/li>\n<li>- Acolchado en hilo de carbono Resistex y red antiinsectos<\/li>\n<li>-Sistema de ajuste nano 3d con rueda microm\u00e9trica<\/li>\n<li>- Correa ligera con hebilla magn\u00e9tica<\/li>\n<li>- Segundo acolchado con tratamiento Interpower y mosquitera<\/li>\n<li>LDHR Technology<\/li>\n<\/ul>\n<p>&nbsp;<\/p>","protected":false},"excerpt":{"rendered":"<p>For Road Racing &amp; Cycle Sportives The result of more than two years of research and development. Virtus Carbon is the helmet that combine the highest level of safety and comfort thanks to the reinforced carbon fibre frame. A high quality material that guarantees cutting edge performance in terms of impact resistance and weight reduction, [&hellip;]<\/p>","protected":false},"featured_media":9433,"template":"","meta":[],"product_brand":[],"product_cat":[48,580],"product_tag":[655],"class_list":{"0":"post-9427","1":"product","2":"type-product","3":"status-publish","4":"has-post-thumbnail","6":"product_cat-cycling-helmets","7":"product_cat-las-helmets","8":"product_tag-virtus-carbon","9":"pa_helmet-colour-matt-black-carbon","10":"pa_helmet-colour-white-carbon","11":"pa_helmet-size-largexlarge","12":"pa_helmet-size-smallmedium","14":"first","15":"onbackorder","16":"sale","17":"shipping-taxable","18":"purchasable","19":"product-type-variable"},"yoast_head":"<!-- This site is optimized with the Yoast SEO plugin v27.4 - https:\/\/yoast.com\/product\/yoast-seo-wordpress\/ -->\n<title>Virtus Carbon - Halo Sports<\/title>\n<meta name=\"robots\" content=\"index, follow, max-snippet:-1, max-image-preview:large, max-video-preview:-1\" \/>\n<link rel=\"canonical\" href=\"https:\/\/www.halosports.co.uk\/es\/producto\/virtus-carbon\/\" \/>\n<meta property=\"og:locale\" content=\"es_ES\" \/>\n<meta property=\"og:type\" content=\"article\" \/>\n<meta property=\"og:title\" content=\"Virtus Carbon - Halo Sports\" \/>\n<meta property=\"og:description\" content=\"For Road Racing &amp; Cycle Sportives The result of more than two years of research and development. Virtus Carbon is the helmet that combine the highest level of safety and comfort thanks to the reinforced carbon fibre frame. A high quality material that guarantees cutting edge performance in terms of impact resistance and weight reduction, [&hellip;]\" \/>\n<meta property=\"og:url\" content=\"https:\/\/www.halosports.co.uk\/es\/producto\/virtus-carbon\/\" \/>\n<meta property=\"og:site_name\" content=\"Halo Sports\" \/>\n<meta property=\"article:modified_time\" content=\"2025-05-27T17:46:18+00:00\" \/>\n<meta property=\"og:image\" content=\"https:\/\/www.halosports.co.uk\/wp-content\/uploads\/2019\/04\/LASVRC019517-Virtus_Black_Carbon_.png\" \/>\n\t<meta property=\"og:image:width\" content=\"600\" \/>\n\t<meta property=\"og:image:height\" content=\"600\" \/>\n\t<meta property=\"og:image:type\" content=\"image\/png\" \/>\n<meta name=\"twitter:card\" content=\"summary_large_image\" \/>\n<meta name=\"twitter:label1\" content=\"Tiempo de lectura\" \/>\n\t<meta name=\"twitter:data1\" content=\"1 minuto\" \/>\n<script type=\"application\/ld+json\" class=\"yoast-schema-graph\">{\"@context\":\"https:\\\/\\\/schema.org\",\"@graph\":[{\"@type\":\"WebPage\",\"@id\":\"https:\\\/\\\/www.halosports.co.uk\\\/product\\\/virtus-carbon\\\/\",\"url\":\"https:\\\/\\\/www.halosports.co.uk\\\/product\\\/virtus-carbon\\\/\",\"name\":\"Virtus Carbon - Halo Sports\",\"isPartOf\":{\"@id\":\"https:\\\/\\\/www.halosports.co.uk\\\/es\\\/#website\"},\"primaryImageOfPage\":{\"@id\":\"https:\\\/\\\/www.halosports.co.uk\\\/product\\\/virtus-carbon\\\/#primaryimage\"},\"image\":{\"@id\":\"https:\\\/\\\/www.halosports.co.uk\\\/product\\\/virtus-carbon\\\/#primaryimage\"},\"thumbnailUrl\":\"https:\\\/\\\/www.halosports.co.uk\\\/wp-content\\\/uploads\\\/2019\\\/04\\\/LASVRC019517-Virtus_Black_Carbon_.png\",\"datePublished\":\"2019-04-30T23:42:36+00:00\",\"dateModified\":\"2025-05-27T17:46:18+00:00\",\"breadcrumb\":{\"@id\":\"https:\\\/\\\/www.halosports.co.uk\\\/product\\\/virtus-carbon\\\/#breadcrumb\"},\"inLanguage\":\"es\",\"potentialAction\":[{\"@type\":\"ReadAction\",\"target\":[\"https:\\\/\\\/www.halosports.co.uk\\\/product\\\/virtus-carbon\\\/\"]}]},{\"@type\":\"ImageObject\",\"inLanguage\":\"es\",\"@id\":\"https:\\\/\\\/www.halosports.co.uk\\\/product\\\/virtus-carbon\\\/#primaryimage\",\"url\":\"https:\\\/\\\/www.halosports.co.uk\\\/wp-content\\\/uploads\\\/2019\\\/04\\\/LASVRC019517-Virtus_Black_Carbon_.png\",\"contentUrl\":\"https:\\\/\\\/www.halosports.co.uk\\\/wp-content\\\/uploads\\\/2019\\\/04\\\/LASVRC019517-Virtus_Black_Carbon_.png\",\"width\":600,\"height\":600},{\"@type\":\"BreadcrumbList\",\"@id\":\"https:\\\/\\\/www.halosports.co.uk\\\/product\\\/virtus-carbon\\\/#breadcrumb\",\"itemListElement\":[{\"@type\":\"ListItem\",\"position\":1,\"name\":\"Home\",\"item\":\"https:\\\/\\\/www.halosports.co.uk\\\/\"},{\"@type\":\"ListItem\",\"position\":2,\"name\":\"Products\",\"item\":\"https:\\\/\\\/www.halosports.co.uk\\\/shop\\\/\"},{\"@type\":\"ListItem\",\"position\":3,\"name\":\"Virtus Carbon\"}]},{\"@type\":\"WebSite\",\"@id\":\"https:\\\/\\\/www.halosports.co.uk\\\/es\\\/#website\",\"url\":\"https:\\\/\\\/www.halosports.co.uk\\\/es\\\/\",\"name\":\"Halo Sports\",\"description\":\"Cycling Helmets and Custom Sports Apparel\",\"publisher\":{\"@id\":\"https:\\\/\\\/www.halosports.co.uk\\\/es\\\/#organization\"},\"potentialAction\":[{\"@type\":\"SearchAction\",\"target\":{\"@type\":\"EntryPoint\",\"urlTemplate\":\"https:\\\/\\\/www.halosports.co.uk\\\/es\\\/?s={search_term_string}\"},\"query-input\":{\"@type\":\"PropertyValueSpecification\",\"valueRequired\":true,\"valueName\":\"search_term_string\"}}],\"inLanguage\":\"es\"},{\"@type\":\"Organization\",\"@id\":\"https:\\\/\\\/www.halosports.co.uk\\\/es\\\/#organization\",\"name\":\"Halo Sports Limited\",\"url\":\"https:\\\/\\\/www.halosports.co.uk\\\/es\\\/\",\"logo\":{\"@type\":\"ImageObject\",\"inLanguage\":\"es\",\"@id\":\"https:\\\/\\\/www.halosports.co.uk\\\/es\\\/#\\\/schema\\\/logo\\\/image\\\/\",\"url\":\"https:\\\/\\\/www.halosports.co.uk\\\/wp-content\\\/uploads\\\/2018\\\/11\\\/halo-bolder-logo-orange-voucher.png\",\"contentUrl\":\"https:\\\/\\\/www.halosports.co.uk\\\/wp-content\\\/uploads\\\/2018\\\/11\\\/halo-bolder-logo-orange-voucher.png\",\"width\":180,\"height\":35,\"caption\":\"Halo Sports Limited\"},\"image\":{\"@id\":\"https:\\\/\\\/www.halosports.co.uk\\\/es\\\/#\\\/schema\\\/logo\\\/image\\\/\"}}]}<\/script>\n<!-- \/ Yoast SEO plugin. -->","yoast_head_json":{"title":"Virtus Carbon - Halo Sports","robots":{"index":"index","follow":"follow","max-snippet":"max-snippet:-1","max-image-preview":"max-image-preview:large","max-video-preview":"max-video-preview:-1"},"canonical":"https:\/\/www.halosports.co.uk\/es\/producto\/virtus-carbon\/","og_locale":"es_ES","og_type":"article","og_title":"Virtus Carbon - Halo Sports","og_description":"For Road Racing &amp; Cycle Sportives The result of more than two years of research and development. Virtus Carbon is the helmet that combine the highest level of safety and comfort thanks to the reinforced carbon fibre frame. A high quality material that guarantees cutting edge performance in terms of impact resistance and weight reduction, [&hellip;]","og_url":"https:\/\/www.halosports.co.uk\/es\/producto\/virtus-carbon\/","og_site_name":"Halo Sports","article_modified_time":"2025-05-27T17:46:18+00:00","og_image":[{"width":600,"height":600,"url":"https:\/\/www.halosports.co.uk\/wp-content\/uploads\/2019\/04\/LASVRC019517-Virtus_Black_Carbon_.png","type":"image\/png"}],"twitter_card":"summary_large_image","twitter_misc":{"Tiempo de lectura":"1 minuto"},"schema":{"@context":"https:\/\/schema.org","@graph":[{"@type":"WebPage","@id":"https:\/\/www.halosports.co.uk\/product\/virtus-carbon\/","url":"https:\/\/www.halosports.co.uk\/product\/virtus-carbon\/","name":"Virtus Carbon - Halo Sports","isPartOf":{"@id":"https:\/\/www.halosports.co.uk\/es\/#website"},"primaryImageOfPage":{"@id":"https:\/\/www.halosports.co.uk\/product\/virtus-carbon\/#primaryimage"},"image":{"@id":"https:\/\/www.halosports.co.uk\/product\/virtus-carbon\/#primaryimage"},"thumbnailUrl":"https:\/\/www.halosports.co.uk\/wp-content\/uploads\/2019\/04\/LASVRC019517-Virtus_Black_Carbon_.png","datePublished":"2019-04-30T23:42:36+00:00","dateModified":"2025-05-27T17:46:18+00:00","breadcrumb":{"@id":"https:\/\/www.halosports.co.uk\/product\/virtus-carbon\/#breadcrumb"},"inLanguage":"es","potentialAction":[{"@type":"ReadAction","target":["https:\/\/www.halosports.co.uk\/product\/virtus-carbon\/"]}]},{"@type":"ImageObject","inLanguage":"es","@id":"https:\/\/www.halosports.co.uk\/product\/virtus-carbon\/#primaryimage","url":"https:\/\/www.halosports.co.uk\/wp-content\/uploads\/2019\/04\/LASVRC019517-Virtus_Black_Carbon_.png","contentUrl":"https:\/\/www.halosports.co.uk\/wp-content\/uploads\/2019\/04\/LASVRC019517-Virtus_Black_Carbon_.png","width":600,"height":600},{"@type":"BreadcrumbList","@id":"https:\/\/www.halosports.co.uk\/product\/virtus-carbon\/#breadcrumb","itemListElement":[{"@type":"ListItem","position":1,"name":"Home","item":"https:\/\/www.halosports.co.uk\/"},{"@type":"ListItem","position":2,"name":"Products","item":"https:\/\/www.halosports.co.uk\/shop\/"},{"@type":"ListItem","position":3,"name":"Virtus Carbon"}]},{"@type":"WebSite","@id":"https:\/\/www.halosports.co.uk\/es\/#website","url":"https:\/\/www.halosports.co.uk\/es\/","name":"Halo Sports","description":"Cycling Helmets and Custom Sports Apparel","publisher":{"@id":"https:\/\/www.halosports.co.uk\/es\/#organization"},"potentialAction":[{"@type":"SearchAction","target":{"@type":"EntryPoint","urlTemplate":"https:\/\/www.halosports.co.uk\/es\/?s={search_term_string}"},"query-input":{"@type":"PropertyValueSpecification","valueRequired":true,"valueName":"search_term_string"}}],"inLanguage":"es"},{"@type":"Organization","@id":"https:\/\/www.halosports.co.uk\/es\/#organization","name":"Halo Sports Limited","url":"https:\/\/www.halosports.co.uk\/es\/","logo":{"@type":"ImageObject","inLanguage":"es","@id":"https:\/\/www.halosports.co.uk\/es\/#\/schema\/logo\/image\/","url":"https:\/\/www.halosports.co.uk\/wp-content\/uploads\/2018\/11\/halo-bolder-logo-orange-voucher.png","contentUrl":"https:\/\/www.halosports.co.uk\/wp-content\/uploads\/2018\/11\/halo-bolder-logo-orange-voucher.png","width":180,"height":35,"caption":"Halo Sports Limited"},"image":{"@id":"https:\/\/www.halosports.co.uk\/es\/#\/schema\/logo\/image\/"}}]}},"_links":{"self":[{"href":"https:\/\/www.halosports.co.uk\/es\/wp-json\/wp\/v2\/product\/9427","targetHints":{"allow":["GET"]}}],"collection":[{"href":"https:\/\/www.halosports.co.uk\/es\/wp-json\/wp\/v2\/product"}],"about":[{"href":"https:\/\/www.halosports.co.uk\/es\/wp-json\/wp\/v2\/types\/product"}],"wp:featuredmedia":[{"embeddable":true,"href":"https:\/\/www.halosports.co.uk\/es\/wp-json\/wp\/v2\/media\/9433"}],"wp:attachment":[{"href":"https:\/\/www.halosports.co.uk\/es\/wp-json\/wp\/v2\/media?parent=9427"}],"wp:term":[{"taxonomy":"product_brand","embeddable":true,"href":"https:\/\/www.halosports.co.uk\/es\/wp-json\/wp\/v2\/product_brand?post=9427"},{"taxonomy":"product_cat","embeddable":true,"href":"https:\/\/www.halosports.co.uk\/es\/wp-json\/wp\/v2\/product_cat?post=9427"},{"taxonomy":"product_tag","embeddable":true,"href":"https:\/\/www.halosports.co.uk\/es\/wp-json\/wp\/v2\/product_tag?post=9427"}],"curies":[{"name":"wp","href":"https:\/\/api.w.org\/{rel}","templated":true}]}}